{"id":4137,"date":"2022-04-26T15:37:34","date_gmt":"2022-04-26T14:37:34","guid":{"rendered":"https:\/\/www.taketray.ch\/?page_id=4137"},"modified":"2022-04-26T15:37:34","modified_gmt":"2022-04-26T14:37:34","slug":"agb","status":"publish","type":"page","link":"https:\/\/www.taketray.ch\/es\/agb\/","title":{"rendered":"AGB"},"content":{"rendered":"<div class=\"fusion-fullwidth fullwidth-box fusion-builder-row-1 fusion-flex-container nonhundred-percent-fullwidth non-hundred-percent-height-scrolling\" style=\"--awb-border-radius-top-left:0px;--awb-border-radius-top-right:0px;--awb-border-radius-bottom-right:0px;--awb-border-radius-bottom-left:0px;--awb-flex-wrap:wrap;\" ><div class=\"fusion-builder-row fusion-row fusion-flex-align-items-flex-start fusion-flex-content-wrap\" style=\"max-width:1216.8px;margin-left: calc(-4% \/ 2 );margin-right: calc(-4% \/ 2 );\"><div class=\"fusion-layout-column fusion_builder_column fusion-builder-column-0 fusion_builder_column_1_1 1_1 fusion-flex-column\" style=\"--awb-bg-size:cover;--awb-width-large:100%;--awb-margin-top-large:0px;--awb-spacing-right-large:1.92%;--awb-margin-bottom-large:0px;--awb-spacing-left-large:1.92%;--awb-width-medium:100%;--awb-spacing-right-medium:1.92%;--awb-spacing-left-medium:1.92%;--awb-width-small:100%;--awb-spacing-right-small:1.92%;--awb-spacing-left-small:1.92%;\"><div class=\"fusion-column-wrapper fusion-flex-justify-content-flex-start fusion-content-layout-column\"><div class=\"fusion-title title fusion-title-1 sep-underline sep-solid fusion-title-text fusion-title-size-one\"><h1 class=\"fusion-title-heading title-heading-left fusion-responsive-typography-calculated\" style=\"margin:0;--fontSize:56;line-height:1.16;\">Allgemeine Gesch\u00e4ftsbedingungen<\/h1><\/div><div class=\"fusion-title title fusion-title-2 fusion-sep-none fusion-title-text fusion-title-size-four\"><h4 class=\"fusion-title-heading title-heading-left fusion-responsive-typography-calculated\" style=\"margin:0;--fontSize:28;--minFontSize:28;line-height:1.29;\">Geltungsbereich<\/h4><\/div><div class=\"fusion-text fusion-text-1\"><p style=\"text-align: justify;\">Diese Gesch\u00e4ftsbedingungen der taketray GmbH (nachfolgend \u201etaketray\u201c) gelten f\u00fcr alle Vertr\u00e4ge, die ein Konsument oder Unternehmer (nachfolgend \u201eKunde\u201c &#8211; im Sinne dieser allgemeinen Gesch\u00e4ftsbedingungen ist mit Unternehmer jede nat\u00fcrliche oder juristische Person gemeint, die bei Abschluss eines Rechtsgesch\u00e4fts in Aus\u00fcbung ihrer selbst\u00e4ndigen gewerblichen T\u00e4tigkeit handelt), mit taketray hinsichtlich der von uns angebotenen Waren und\/oder Dienstleistungen abschliesst. Hiermit wird der Einbeziehung von eigenen Bedingungen des Kunden widersprochen, es sei denn, es ist schriftlich ausdr\u00fccklich etwas anderes vereinbart. taketray beh\u00e4lt sich das Recht vor, die allgemeinen Gesch\u00e4ftsbedingungen jederzeit sowie ohne Vorank\u00fcndigung anzupassen.<\/p>\n<\/div><div class=\"fusion-title title fusion-title-3 fusion-sep-none fusion-title-text fusion-title-size-four\"><h4 class=\"fusion-title-heading title-heading-left fusion-responsive-typography-calculated\" style=\"margin:0;--fontSize:28;--minFontSize:28;line-height:1.29;\">Vertragsabschluss<\/h4><\/div><div class=\"fusion-text fusion-text-2\"><p style=\"text-align: justify;\">Ein Vertragsgesch\u00e4ft zwischen taketray und dem Kunden kann \u00fcber den Online-Shop unter <a href=\"https:\/\/www.taketray.ch\/\">www.taketray.ch<\/a>, telefonisch, per E-Mail oder vor Ort initiiert werden. In jedem Fall \u00e4ussert der Kunde mit seiner Bestellung eine Kaufabsicht, welche von taketray angenommen werden kann. taketray sendet dem K\u00e4ufer nach M\u00f6glichkeit eine Best\u00e4tigung des Bestellungseingangs, welche nicht mit der bindenden Annahme des Angebots des Kunden gleichzusetzen ist. Mit dem (Teil-)Versand der georderten Produkte nimmt taketray das Kaufangebot an und das Rechtsgesch\u00e4ft kommt zustande.<\/p>\n<p style=\"text-align: justify;\">Sollte der vom Kunden bestellte Artikel nicht lieferbar sein, sieht taketray von einer Annahmeerkl\u00e4rung ab. Das Vertragsgesch\u00e4ft kommt in diesem Fall nicht zustande. taketray informiert den Kunden dar\u00fcber und eine allf\u00e4llig bereits erhaltene Gegenleistung wird zur\u00fcckerstattet.<\/p>\n<p style=\"text-align: justify;\">Die Bestellabwicklung und Kontaktaufnahme finden prim\u00e4r automatisiert und per E-Mail statt. Der Kunde hat sicherzustellen, dass die von ihm w\u00e4hrend des Bestellvorgangs angegebene E-Mail-Adresse korrekt ist und dass unter dieser Adresse die vom Verk\u00e4ufer versandten E-Mails empfangen werden k\u00f6nnen (Spam-Filter, Postfachbelegung etc.).<\/p>\n<p style=\"text-align: justify;\">Es gelten jeweils die allgemeinen Gesch\u00e4ftsbedingungen in der im Zeitpunkt der Willenserkl\u00e4rung g\u00fcltigen Fassung. \u00c4nderungen und Erg\u00e4nzungen dieser allgemeinen Gesch\u00e4ftsbedingungen bed\u00fcrfen jeweils der Schriftform.<\/p>\n<\/div><div class=\"fusion-title title fusion-title-4 fusion-sep-none fusion-title-text fusion-title-size-four\"><h4 class=\"fusion-title-heading title-heading-left fusion-responsive-typography-calculated\" style=\"margin:0;--fontSize:28;--minFontSize:28;line-height:1.29;\">Verf\u00fcgbarkeit<\/h4><\/div><div class=\"fusion-text fusion-text-3\"><p style=\"text-align: justify;\">taketray legt Wert darauf, Verf\u00fcgbarkeiten und Lieferzeiten im Onlineshop aktuell und genau anzugeben. Aufgrund von Produktions- oder Lieferengp\u00e4ssen kann es jedoch zu Verz\u00f6gerungen kommen. Alle Angaben zur Verf\u00fcgbarkeit und Lieferzeit sind deshalb ohne Gew\u00e4hr und k\u00f6nnen sich jederzeit \u00e4ndern.<\/p>\n<\/div><div class=\"fusion-title title fusion-title-5 fusion-sep-none fusion-title-text fusion-title-size-four\"><h4 class=\"fusion-title-heading title-heading-left fusion-responsive-typography-calculated\" style=\"margin:0;--fontSize:28;--minFontSize:28;line-height:1.29;\">Preise<\/h4><\/div><div class=\"fusion-text fusion-text-4\"><p style=\"text-align: justify;\">Es gelten die zum Zeitpunkt der Bestellung aufgef\u00fchrten oder kommunizierten Preise. Preisangaben f\u00fcr Gesch\u00e4ftskunden (B2B) sind rein netto. Die kommunizierten Preise f\u00fcr Endkunden (B2C) enthalten die zur Zeit des Vertragsabschlusses aktuelle Schweizer Mehrwertsteuer. Zus\u00e4tzlich anfallende Liefer- und Versandkosten werden im jeweiligen Bestellvorgang gesondert angegeben. Kosten f\u00fcr Verpackung sind bei Warenlieferungen in den Versandkosten enthalten. Bei Bestellungen von Kleinmengen kann ein Zuschlag verrechnet werden. Diese Geb\u00fchr wird im Bestellvorgang entsprechend ausgewiesen.<\/p>\n<\/div><div class=\"fusion-title title fusion-title-6 fusion-sep-none fusion-title-text fusion-title-size-four\"><h4 class=\"fusion-title-heading title-heading-left fusion-responsive-typography-calculated\" style=\"margin:0;--fontSize:28;--minFontSize:28;line-height:1.29;\">Versand<\/h4><\/div><div class=\"fusion-text fusion-text-5\"><p style=\"text-align: justify;\">Die Lieferung der Ware erfolgt an die vom Kunden angegebene Lieferadresse. Es gelten die bei der Bestellung definierten Lieferbedingungen und -kosten. Die Lieferdetails inkl. allf\u00e4lliger Trackingnummer werden in der Bestellbest\u00e4tigung bzw. Versandbest\u00e4tigung aufgef\u00fchrt. Im Regelfall werden Bestellungen innerhalb von 3-5 Werktagen komplett ausgeliefert. Lieferverz\u00f6gerungen sind je nach Lagerstand m\u00f6glich. Bei l\u00e4ngeren Verz\u00f6gerungen ist taketray bestrebt, den betroffenen Kunden zu informieren.<\/p>\n<p style=\"text-align: justify;\">F\u00fcr Falschlieferungen aufgrund einer unvollst\u00e4ndigen und\/oder falschen Lieferadresse ist taketray nicht verantwortlich. Der Kunde ist verpflichtet, bei der Bestellung die Korrektheit der Angaben zu \u00fcberpr\u00fcfen und tr\u00e4gt die zus\u00e4tzlichen Kosten f\u00fcr Falschlieferungen.<\/p>\n<\/div><div class=\"fusion-title title fusion-title-7 fusion-sep-none fusion-title-text fusion-title-size-four\"><h4 class=\"fusion-title-heading title-heading-left fusion-responsive-typography-calculated\" style=\"margin:0;--fontSize:28;--minFontSize:28;line-height:1.29;\">Besch\u00e4digte Waren<\/h4><\/div><div class=\"fusion-text fusion-text-6\"><p style=\"text-align: justify;\">S\u00e4mtliche Lieferungen werden sachgerecht verpackt zum Versand aufgegeben. taketray lehnt jede Haftung und Verantwortung f\u00fcr Sch\u00e4den ab, die auf dem Transportweg entstehen. Sofern nicht besondere Verh\u00e4ltnisse oder Verabredungen eine Ausnahme begr\u00fcnden, gehen Nutzen und Gefahr der Sache mit dem Abschluss des Vertrages auf den Kunden \u00fcber. Stellt der Kunde Sch\u00e4den an der Verpackung oder dem Inhalt fest, so ist es seine Aufgabe, dies unverz\u00fcglich dem Lieferdienst mitzuteilen. Dies kann direkt an die ausliefernden Mitarbeiter oder \u00fcber die Service-Hotline des Lieferdienstes f\u00fcr Schadensmeldungen geschehen. S\u00e4mtliche Anspr\u00fcche f\u00fcr Besch\u00e4digungen m\u00fcssen beim Lieferdienst angebracht werden. taketray wird keine Schadensmeldungen und -anspr\u00fcche im Namen des Kunden an den Lieferdienst stellen.<\/p>\n<\/div><div class=\"fusion-title title fusion-title-8 fusion-sep-none fusion-title-text fusion-title-size-four\"><h4 class=\"fusion-title-heading title-heading-left fusion-responsive-typography-calculated\" style=\"margin:0;--fontSize:28;--minFontSize:28;line-height:1.29;\">Lieferung falscher oder unvollst\u00e4ndiger Artikel<\/h4><\/div><div class=\"fusion-text fusion-text-7\"><p style=\"text-align: justify;\">Sendet taketray dem Kunden Waren, die dieser nicht bestellt hat, so muss der Kunde dies taketray innert 5 Tagen mitteilen. In diesem Fall organisiert taketray eine Abholung des Pakets auf eigene Kosten oder sendet dem Kunden einen R\u00fccksendeschein zu. Ist die Lieferung unvollst\u00e4ndig (ausgenommen Teillieferungen), so muss der Kunde dies taketray ebenfalls innerhalb von 5 Tagen mitteilen.<\/p>\n<\/div><div class=\"fusion-title title fusion-title-9 fusion-sep-none fusion-title-text fusion-title-size-four\"><h4 class=\"fusion-title-heading title-heading-left fusion-responsive-typography-calculated\" style=\"margin:0;--fontSize:28;--minFontSize:28;line-height:1.29;\">\u00c4nderung der Bestellung oder Stornierung<\/h4><\/div><div class=\"fusion-text fusion-text-8\"><p style=\"text-align: justify;\">Nachtr\u00e4gliche \u00c4nderungen oder Stornierungen kann taketray nach freiem Ermessen akzeptieren und dem Kunden eine Entsch\u00e4digung von bis zu 20% des stornierten Warenwerts in Rechnung stellen. Allf\u00e4llige zus\u00e4tzliche Versandkosten gehen zu Lasten des Kunden.<\/p>\n<\/div><div class=\"fusion-title title fusion-title-10 fusion-sep-none fusion-title-text fusion-title-size-four\"><h4 class=\"fusion-title-heading title-heading-left fusion-responsive-typography-calculated\" style=\"margin:0;--fontSize:28;--minFontSize:28;line-height:1.29;\">Zahlungs\u00adbedingungen<\/h4><\/div><div class=\"fusion-text fusion-text-9\"><p style=\"text-align: justify;\">Sofern nichts anderes vereinbart, ist die Zahlung des Kaufpreises unmittelbar bei der Bestellung f\u00e4llig. Den Kunden stehen die als Zahlungsmittel im Onlineshop w\u00e4hrend des Checkouts angebotenen Zahlungsm\u00f6glichkeiten zur Verf\u00fcgung. taketray kann einzelne Zahlungsmittel ohne weitere Begr\u00fcndung generell oder f\u00fcr einzelne Kunden ausschliessen. taketray hat das Recht, auf einzelne Zahlungsmittel Zuschl\u00e4ge zu erheben und \u00fcber den Kunden Bonit\u00e4tsinformationen einzuholen und kann zu diesem Zweck Kundendaten an Dritte weiterleiten. Zahlungen m\u00fcssen, wenn nicht explizit anders definiert, in Schweizer Franken geleistet werden.<\/p>\n<\/div><div class=\"fusion-title title fusion-title-11 fusion-sep-none fusion-title-text fusion-title-size-four\"><h4 class=\"fusion-title-heading title-heading-left fusion-responsive-typography-calculated\" style=\"margin:0;--fontSize:28;--minFontSize:28;line-height:1.29;\">Eigentumsvorbehalt<\/h4><\/div><div class=\"fusion-text fusion-text-10\"><p style=\"text-align: justify;\">Bestellte Ware bleibt bis zur vollst\u00e4ndigen Bezahlung an taketray im Eigentum der taketray GmbH. taketray ist berechtigt, einen entsprechenden Eintrag im Eigentumsvorbehaltsregister vorzunehmen.<\/p>\n<\/div><div class=\"fusion-title title fusion-title-12 fusion-sep-none fusion-title-text fusion-title-size-four\"><h4 class=\"fusion-title-heading title-heading-left fusion-responsive-typography-calculated\" style=\"margin:0;--fontSize:28;--minFontSize:28;line-height:1.29;\">Widerruf<\/h4><\/div><div class=\"fusion-text fusion-text-11\"><p style=\"text-align: justify;\">Der Kunde hat das Recht, innert vierzehn Tagen ohne Angabe von Gr\u00fcnden den Vertrag zu widerrufen. Die Widerrufsfrist l\u00e4uft ab dem Zeitpunkt des Erhalts der Ware bzw. der ersten Teillieferung. Der Kunde informiert taketray im Voraus und ist hernach f\u00fcr die R\u00fccksendung verantwortlich. F\u00fcr eine vollst\u00e4ndige R\u00fcckerstattung des Preises der Produkte ist vorausgesetzt, dass die Ware vollst\u00e4ndig und ungenutzt, in ihrem urspr\u00fcnglichen Zustand unversehrt und ohne Besch\u00e4digung in der Originalverkaufsverpackung eingeschrieben retourniert wird. Eine allf\u00e4llige Wertminderung der Waren durch den Kunden wird durch taketray festgestellt, bewertet und mit dem Kaufpreis verrechnet bzw. dem Kunden in Rechnung gestellt. Beim Widerruf tr\u00e4gt der Kunde in jedem Fall die Versandkosten der Bestellung.<\/p>\n<\/div><div class=\"fusion-title title fusion-title-13 fusion-sep-none fusion-title-text fusion-title-size-four\"><h4 class=\"fusion-title-heading title-heading-left fusion-responsive-typography-calculated\" style=\"margin:0;--fontSize:28;--minFontSize:28;line-height:1.29;\">R\u00fccksendungen<\/h4><\/div><div class=\"fusion-text fusion-text-12\"><p style=\"text-align: justify;\">Jede Art von R\u00fccksendung muss im Voraus bei taketray telefonisch oder per Mail angemeldet werden. Die Kosten f\u00fcr sachgem\u00e4sse Verpackung sowie die R\u00fccksendung gehen zu Lasten des Kunden. Das Transportrisiko tr\u00e4gt der K\u00e4ufer. Sobald die R\u00fccksendung bei taketray eingegangen ist und \u00fcberpr\u00fcft wurde, erh\u00e4lt der Kunde eine Best\u00e4tigung per E-Mail. Die (Teil-)R\u00fcckerstattung geschieht innerhalb von 14 Tagen nach dieser Best\u00e4tigung.<\/p>\n<\/div><div class=\"fusion-title title fusion-title-14 fusion-sep-none fusion-title-text fusion-title-size-four\"><h4 class=\"fusion-title-heading title-heading-left fusion-responsive-typography-calculated\" style=\"margin:0;--fontSize:28;--minFontSize:28;line-height:1.29;\">R\u00fcckerstattungen<\/h4><\/div><div class=\"fusion-text fusion-text-13\"><p style=\"text-align: justify;\">F\u00fcr allf\u00e4llige R\u00fcckerstattungen versucht taketray standardm\u00e4ssig den vom Kunden bei der urspr\u00fcnglichen Transaktion verwendeten Zahlungskanal zu verwenden, es sei denn, mit dem Kunden wurde schriftlich ausdr\u00fccklich etwas anderes vereinbart. Sollte eine R\u00fcckerstattung auf diesem Wege nicht m\u00f6glich sein, so kann taketray einen anderen Zahlungsweg verwenden. Der Kunde ist daf\u00fcr besorgt, auf Nachfrage g\u00fcltige Zahlungsdaten f\u00fcr eine R\u00fcckerstattungen anzugeben. taketray ist nicht verantwortlich, falls R\u00fcckzahlungen aufgrund fehlerhafter Daten nicht beim Kunden ankommen. Es ist die Pflicht des Kunden, taketray zeitnah zu informieren, falls eine R\u00fcckzahlung nicht eingegangen ist. Dem Kunden kann im Falle fehlerhafter R\u00fcckzahlungen aufgrund inkorrekt angelieferter Zahlungsdaten eine Umtriebsentsch\u00e4digung in Rechnung gestellt werden.<\/p>\n<\/div><div class=\"fusion-title title fusion-title-15 fusion-sep-none fusion-title-text fusion-title-size-four\"><h4 class=\"fusion-title-heading title-heading-left fusion-responsive-typography-calculated\" style=\"margin:0;--fontSize:28;--minFontSize:28;line-height:1.29;\">Gew\u00e4hrleistung<\/h4><\/div><div class=\"fusion-text fusion-text-14\"><p style=\"text-align: justify;\">taketray gew\u00e4hrt auf die verkauften Artikel eine einj\u00e4hrige Garantie, sofern die Produkte nicht durch Missbrauch, oder nat\u00fcrlichen Verschleiss mangelhaft geworden sind. Die Haftung von taketray f\u00fcr eigenes Verschulden, sowie das unserer Vertreter und Erf\u00fcllungsgehilfen beschr\u00e4nkt sich auf Vorsatz und grobe Fahrl\u00e4ssigkeit.<\/p>\n<\/div><div class=\"fusion-title title fusion-title-16 fusion-sep-none fusion-title-text fusion-title-size-four\"><h4 class=\"fusion-title-heading title-heading-left fusion-responsive-typography-calculated\" style=\"margin:0;--fontSize:28;--minFontSize:28;line-height:1.29;\">Anwendbares Recht und Gerichtsstand<\/h4><\/div><div class=\"fusion-text fusion-text-15\"><p style=\"text-align: justify;\">Alle unsere Verkaufsgesch\u00e4fte unterliegen ausschliesslich dem Schweizer Recht. Erf\u00fcllungsort f\u00fcr s\u00e4mtliche Verpflichtungen aus diesem Vertrag ist der Ort des Firmensitzes von taketray. Der Gerichtsstand ist Z\u00fcrich. Soweit nicht ausdr\u00fccklich Anderes schriftlich vereinbart wurde, gelten die zur Anwendung kommenden gesetzlichen Bestimmungen nach Schweizerischem Recht sowie diese allgemeinen Gesch\u00e4ftsbedingungen.<\/p>\n<p>Die deutschsprachige Version dieser AGB ist in Zweifelsf\u00e4llen massgebend.<\/p>\n<p>Z\u00fcrich, 07.06.2021<\/p>\n<\/div><\/div><\/div><\/div><\/div>\n","protected":false},"excerpt":{"rendered":"","protected":false},"author":2,"featured_media":0,"parent":0,"menu_order":0,"comment_status":"closed","ping_status":"closed","template":"","meta":{"_monsterinsights_skip_tracking":false,"_monsterinsights_sitenote_active":false,"_monsterinsights_sitenote_note":"","_monsterinsights_sitenote_category":0,"ngg_post_thumbnail":0,"footnotes":""},"class_list":["post-4137","page","type-page","status-publish","hentry"],"yoast_head":"<!-- This site is optimized with the Yoast SEO plugin v24.8.1 - https:\/\/yoast.com\/wordpress\/plugins\/seo\/ -->\n<title>AGB - taketray<\/title>\n<meta name=\"robots\" content=\"index, follow, max-snippet:-1, max-image-preview:large, max-video-preview:-1\" \/>\n<link rel=\"canonical\" href=\"https:\/\/www.taketray.ch\/es\/agb\/\" \/>\n<meta property=\"og:locale\" content=\"es_ES\" \/>\n<meta property=\"og:type\" content=\"article\" \/>\n<meta property=\"og:title\" content=\"AGB - taketray\" \/>\n<meta property=\"og:url\" content=\"https:\/\/www.taketray.ch\/es\/agb\/\" \/>\n<meta property=\"og:site_name\" content=\"taketray\" \/>\n<meta name=\"twitter:card\" content=\"summary_large_image\" \/>\n<meta name=\"twitter:label1\" content=\"Tiempo de lectura\" \/>\n\t<meta name=\"twitter:data1\" content=\"15 minutos\" \/>\n<script type=\"application\/ld+json\" class=\"yoast-schema-graph\">{\"@context\":\"https:\/\/schema.org\",\"@graph\":[{\"@type\":\"WebPage\",\"@id\":\"https:\/\/www.taketray.ch\/es\/agb\/\",\"url\":\"https:\/\/www.taketray.ch\/es\/agb\/\",\"name\":\"AGB - taketray\",\"isPartOf\":{\"@id\":\"https:\/\/www.taketray.ch\/es\/#website\"},\"datePublished\":\"2022-04-26T14:37:34+00:00\",\"breadcrumb\":{\"@id\":\"https:\/\/www.taketray.ch\/es\/agb\/#breadcrumb\"},\"inLanguage\":\"es\",\"potentialAction\":[{\"@type\":\"ReadAction\",\"target\":[\"https:\/\/www.taketray.ch\/es\/agb\/\"]}]},{\"@type\":\"BreadcrumbList\",\"@id\":\"https:\/\/www.taketray.ch\/es\/agb\/#breadcrumb\",\"itemListElement\":[{\"@type\":\"ListItem\",\"position\":1,\"name\":\"Home\",\"item\":\"https:\/\/www.taketray.ch\/es\/\"},{\"@type\":\"ListItem\",\"position\":2,\"name\":\"AGB\"}]},{\"@type\":\"WebSite\",\"@id\":\"https:\/\/www.taketray.ch\/es\/#website\",\"url\":\"https:\/\/www.taketray.ch\/es\/\",\"name\":\"taketray\",\"description\":\"der portable Aschenbecher\",\"publisher\":{\"@id\":\"https:\/\/www.taketray.ch\/es\/#organization\"},\"potentialAction\":[{\"@type\":\"SearchAction\",\"target\":{\"@type\":\"EntryPoint\",\"urlTemplate\":\"https:\/\/www.taketray.ch\/es\/?s={search_term_string}\"},\"query-input\":{\"@type\":\"PropertyValueSpecification\",\"valueRequired\":true,\"valueName\":\"search_term_string\"}}],\"inLanguage\":\"es\"},{\"@type\":\"Organization\",\"@id\":\"https:\/\/www.taketray.ch\/es\/#organization\",\"name\":\"taketray GmbH\",\"url\":\"https:\/\/www.taketray.ch\/es\/\",\"logo\":{\"@type\":\"ImageObject\",\"inLanguage\":\"es\",\"@id\":\"https:\/\/www.taketray.ch\/es\/#\/schema\/logo\/image\/\",\"url\":\"https:\/\/www.taketray.ch\/wp-content\/uploads\/2020\/09\/logo.gif\",\"contentUrl\":\"https:\/\/www.taketray.ch\/wp-content\/uploads\/2020\/09\/logo.gif\",\"width\":200,\"height\":59,\"caption\":\"taketray GmbH\"},\"image\":{\"@id\":\"https:\/\/www.taketray.ch\/es\/#\/schema\/logo\/image\/\"}}]}<\/script>\n<!-- \/ Yoast SEO plugin. -->","yoast_head_json":{"title":"AGB - taketray","robots":{"index":"index","follow":"follow","max-snippet":"max-snippet:-1","max-image-preview":"max-image-preview:large","max-video-preview":"max-video-preview:-1"},"canonical":"https:\/\/www.taketray.ch\/es\/agb\/","og_locale":"es_ES","og_type":"article","og_title":"AGB - taketray","og_url":"https:\/\/www.taketray.ch\/es\/agb\/","og_site_name":"taketray","twitter_card":"summary_large_image","twitter_misc":{"Tiempo de lectura":"15 minutos"},"schema":{"@context":"https:\/\/schema.org","@graph":[{"@type":"WebPage","@id":"https:\/\/www.taketray.ch\/es\/agb\/","url":"https:\/\/www.taketray.ch\/es\/agb\/","name":"AGB - taketray","isPartOf":{"@id":"https:\/\/www.taketray.ch\/es\/#website"},"datePublished":"2022-04-26T14:37:34+00:00","breadcrumb":{"@id":"https:\/\/www.taketray.ch\/es\/agb\/#breadcrumb"},"inLanguage":"es","potentialAction":[{"@type":"ReadAction","target":["https:\/\/www.taketray.ch\/es\/agb\/"]}]},{"@type":"BreadcrumbList","@id":"https:\/\/www.taketray.ch\/es\/agb\/#breadcrumb","itemListElement":[{"@type":"ListItem","position":1,"name":"Home","item":"https:\/\/www.taketray.ch\/es\/"},{"@type":"ListItem","position":2,"name":"AGB"}]},{"@type":"WebSite","@id":"https:\/\/www.taketray.ch\/es\/#website","url":"https:\/\/www.taketray.ch\/es\/","name":"taketray","description":"der portable Aschenbecher","publisher":{"@id":"https:\/\/www.taketray.ch\/es\/#organization"},"potentialAction":[{"@type":"SearchAction","target":{"@type":"EntryPoint","urlTemplate":"https:\/\/www.taketray.ch\/es\/?s={search_term_string}"},"query-input":{"@type":"PropertyValueSpecification","valueRequired":true,"valueName":"search_term_string"}}],"inLanguage":"es"},{"@type":"Organization","@id":"https:\/\/www.taketray.ch\/es\/#organization","name":"taketray GmbH","url":"https:\/\/www.taketray.ch\/es\/","logo":{"@type":"ImageObject","inLanguage":"es","@id":"https:\/\/www.taketray.ch\/es\/#\/schema\/logo\/image\/","url":"https:\/\/www.taketray.ch\/wp-content\/uploads\/2020\/09\/logo.gif","contentUrl":"https:\/\/www.taketray.ch\/wp-content\/uploads\/2020\/09\/logo.gif","width":200,"height":59,"caption":"taketray GmbH"},"image":{"@id":"https:\/\/www.taketray.ch\/es\/#\/schema\/logo\/image\/"}}]}},"_links":{"self":[{"href":"https:\/\/www.taketray.ch\/es\/wp-json\/wp\/v2\/pages\/4137","targetHints":{"allow":["GET"]}}],"collection":[{"href":"https:\/\/www.taketray.ch\/es\/wp-json\/wp\/v2\/pages"}],"about":[{"href":"https:\/\/www.taketray.ch\/es\/wp-json\/wp\/v2\/types\/page"}],"author":[{"embeddable":true,"href":"https:\/\/www.taketray.ch\/es\/wp-json\/wp\/v2\/users\/2"}],"replies":[{"embeddable":true,"href":"https:\/\/www.taketray.ch\/es\/wp-json\/wp\/v2\/comments?post=4137"}],"version-history":[{"count":2,"href":"https:\/\/www.taketray.ch\/es\/wp-json\/wp\/v2\/pages\/4137\/revisions"}],"predecessor-version":[{"id":4139,"href":"https:\/\/www.taketray.ch\/es\/wp-json\/wp\/v2\/pages\/4137\/revisions\/4139"}],"wp:attachment":[{"href":"https:\/\/www.taketray.ch\/es\/wp-json\/wp\/v2\/media?parent=4137"}],"curies":[{"name":"wp","href":"https:\/\/api.w.org\/{rel}","templated":true}]}}