{"id":4398,"date":"2022-05-17T15:39:22","date_gmt":"2022-05-17T14:39:22","guid":{"rendered":"https:\/\/www.taketray.ch\/descargo-de-responsabilidad\/"},"modified":"2025-07-17T08:47:40","modified_gmt":"2025-07-17T07:47:40","slug":"descargo-de-responsabilidad","status":"publish","type":"page","link":"https:\/\/www.taketray.ch\/es\/descargo-de-responsabilidad\/","title":{"rendered":"Descargo de responsabilidad"},"content":{"rendered":"<div class=\"fusion-fullwidth fullwidth-box fusion-builder-row-1 fusion-flex-container nonhundred-percent-fullwidth non-hundred-percent-height-scrolling\" style=\"--awb-border-radius-top-left:0px;--awb-border-radius-top-right:0px;--awb-border-radius-bottom-right:0px;--awb-border-radius-bottom-left:0px;--awb-flex-wrap:wrap;\" ><div class=\"fusion-builder-row fusion-row fusion-flex-align-items-flex-start fusion-flex-content-wrap\" style=\"max-width:1216.8px;margin-left: calc(-4% \/ 2 );margin-right: calc(-4% \/ 2 );\"><div class=\"fusion-layout-column fusion_builder_column fusion-builder-column-0 fusion_builder_column_1_1 1_1 fusion-flex-column\" style=\"--awb-bg-size:cover;--awb-width-large:100%;--awb-margin-top-large:0px;--awb-spacing-right-large:1.92%;--awb-margin-bottom-large:0px;--awb-spacing-left-large:1.92%;--awb-width-medium:100%;--awb-spacing-right-medium:1.92%;--awb-spacing-left-medium:1.92%;--awb-width-small:100%;--awb-spacing-right-small:1.92%;--awb-spacing-left-small:1.92%;\"><div class=\"fusion-column-wrapper fusion-flex-justify-content-flex-start fusion-content-layout-column\"><div class=\"fusion-title title fusion-title-1 sep-underline sep-solid fusion-title-text fusion-title-size-one\" style=\"--awb-margin-top-small:0px;--awb-margin-right-small:0px;--awb-margin-bottom-small:20px;--awb-margin-left-small:0px;\"><h1 class=\"fusion-title-heading title-heading-left fusion-responsive-typography-calculated\" style=\"margin:0;--fontSize:56;line-height:1.16;\">Descargo de responsabilidad<\/h1><\/div><div class=\"fusion-title title fusion-title-2 fusion-sep-none fusion-title-text fusion-title-size-four\" style=\"--awb-margin-top-small:0px;--awb-margin-right-small:0px;--awb-margin-bottom-small:20px;--awb-margin-left-small:0px;\"><h4 class=\"fusion-title-heading title-heading-left fusion-responsive-typography-calculated\" style=\"margin:0;--fontSize:28;--minFontSize:28;line-height:1.29;\">Contenido de la oferta en l\u00ednea<\/h4><\/div><div class=\"fusion-text fusion-text-1\"><p style=\"text-align: justify;\">taketray GmbH no asume ninguna responsabilidad por la actualidad, exactitud, integridad o calidad de la informaci\u00f3n proporcionada. Las reclamaciones de responsabilidad contra taketray GmbH en relaci\u00f3n con los da\u00f1os materiales o no materiales causados por el uso o no uso de la informaci\u00f3n proporcionada o por el uso de informaci\u00f3n incorrecta e incompleta se excluyen como una cuesti\u00f3n de principio, a menos que haya evidencia de intenci\u00f3n deliberada o negligencia grave por parte de taketray GmbH. Todas las ofertas est\u00e1n sujetas a cambios y no son vinculantes. taketray GmbH se reserva expresamente el derecho de cambiar, complementar o eliminar partes de las p\u00e1ginas o toda la oferta sin previo aviso o de cesar la publicaci\u00f3n temporal o permanentemente.   <\/p>\n<\/div><div class=\"fusion-title title fusion-title-3 fusion-sep-none fusion-title-text fusion-title-size-four\" style=\"--awb-margin-top-small:0px;--awb-margin-right-small:0px;--awb-margin-bottom-small:20px;--awb-margin-left-small:0px;\"><h4 class=\"fusion-title-heading title-heading-left fusion-responsive-typography-calculated\" style=\"margin:0;--fontSize:28;--minFontSize:28;line-height:1.29;\">Referencias y enlaces<\/h4><\/div><div class=\"fusion-text fusion-text-2\"><p style=\"text-align: justify;\">En el caso de referencias directas o indirectas a p\u00e1ginas de Internet externas (\u00abenlaces\u00bb), que se encuentran fuera del \u00e1rea de responsabilidad de taketray GmbH, una obligaci\u00f3n de responsabilidad s\u00f3lo entrar\u00eda en vigor si taketray GmbH tuviera conocimiento de los contenidos y fuera t\u00e9cnicamente posible y razonable para taketray GmbH impedir el uso en el caso de contenidos ilegales. Por lo tanto, taketray GmbH declara expresamente que, en el momento de establecer el enlace, las correspondientes p\u00e1ginas enlazadas estaban libres de contenidos ilegales. taketray GmbH no tiene ninguna influencia sobre el dise\u00f1o y el contenido actual y futuro de las p\u00e1ginas enlazadas. Por ello, se distancia expresamente de todos los contenidos de todas las p\u00e1ginas enlazadas que hayan sido modificadas despu\u00e9s de establecer el enlace. Esta declaraci\u00f3n se aplica a todos los enlaces y referencias establecidos dentro del propio sitio web del autor, as\u00ed como a las entradas de terceros en los libros de visitas, los foros de discusi\u00f3n y las listas de correo creadas por el autor. De los contenidos ilegales, incorrectos o incompletos y, en particular, de los da\u00f1os y perjuicios derivados de la utilizaci\u00f3n o no utilizaci\u00f3n de dicha informaci\u00f3n, ser\u00e1 responsable \u00fanicamente el proveedor de la p\u00e1gina a la que se hace referencia, y no la parte que se limita a remitir a la respectiva publicaci\u00f3n a trav\u00e9s de enlaces.     <\/p>\n<\/div><div class=\"fusion-title title fusion-title-4 fusion-sep-none fusion-title-text fusion-title-size-four\" style=\"--awb-margin-top-small:0px;--awb-margin-right-small:0px;--awb-margin-bottom-small:20px;--awb-margin-left-small:0px;\"><h4 class=\"fusion-title-heading title-heading-left fusion-responsive-typography-calculated\" style=\"margin:0;--fontSize:28;--minFontSize:28;line-height:1.29;\">Derecho de autor y de marcas<\/h4><\/div><div class=\"fusion-text fusion-text-3\"><p style=\"text-align: justify;\">taketray GmbH se esfuerza por respetar los derechos de autor de los gr\u00e1ficos, documentos sonoros, secuencias de v\u00eddeo y textos utilizados en todas las publicaciones, por utilizar gr\u00e1ficos, documentos sonoros, secuencias de v\u00eddeo y textos creados por ella misma o por recurrir a gr\u00e1ficos, documentos sonoros, secuencias de v\u00eddeo y textos libres de licencia. Todas las marcas y nombres comerciales mencionados en el sitio web y posiblemente protegidos por terceros est\u00e1n sujetos sin restricciones a las disposiciones del derecho de marcas aplicable y a los derechos de propiedad de los respectivos propietarios registrados. La mera menci\u00f3n de una marca no significa que no est\u00e9 protegida por derechos de terceros. Los derechos de autor de los objetos publicados creados por la propia taketray GmbH son exclusivamente del autor de las p\u00e1ginas. Cualquier duplicaci\u00f3n o uso de objetos como diagramas, sonidos o textos en otras publicaciones electr\u00f3nicas o impresas no est\u00e1 permitido sin el acuerdo de taketray GmbH.    <\/p>\n<\/div><div class=\"fusion-title title fusion-title-5 fusion-sep-none fusion-title-text fusion-title-size-four\" style=\"--awb-margin-top-small:0px;--awb-margin-right-small:0px;--awb-margin-bottom-small:20px;--awb-margin-left-small:0px;\"><h4 class=\"fusion-title-heading title-heading-left fusion-responsive-typography-calculated\" style=\"margin:0;--fontSize:28;--minFontSize:28;line-height:1.29;\">Protecci\u00f3n de datos<\/h4><\/div><div class=\"fusion-text fusion-text-4\"><p style=\"text-align: justify;\">Si se ofrece la posibilidad de introducir datos personales o comerciales (direcciones de correo electr\u00f3nico, nombre, direcciones), la introducci\u00f3n de estos datos se realiza de forma voluntaria. Se permite el uso y el pago de todos los servicios ofrecidos -siempre y cuando sea t\u00e9cnicamente posible y razonable- sin especificar ning\u00fan dato personal o bajo la especificaci\u00f3n de datos an\u00f3nimos o un alias. <\/p>\n<\/div><div class=\"fusion-title title fusion-title-6 fusion-sep-none fusion-title-text fusion-title-size-four\" style=\"--awb-margin-top-small:0px;--awb-margin-right-small:0px;--awb-margin-bottom-small:20px;--awb-margin-left-small:0px;\"><h4 class=\"fusion-title-heading title-heading-left fusion-responsive-typography-calculated\" style=\"margin:0;--fontSize:28;--minFontSize:28;line-height:1.29;\">Pol\u00edtica de privacidad para el uso de Google Analytics<\/h4><\/div><div class=\"fusion-text fusion-text-5\"><p style=\"text-align: justify;\">Este sitio web utiliza Google Analytics, un servicio de an\u00e1lisis web proporcionado por Google, Inc. (\u00abGoogle\u00bb). Google Analytics utiliza \u00abcookies\u00bb, que son archivos de texto ubicados en su ordenador, para ayudar al sitio web a analizar el uso que hacen los usuarios del mismo. La informaci\u00f3n generada por la cookie sobre su uso de este sitio web se transmite generalmente a un servidor de Google en los Estados Unidos y se almacena all\u00ed. Sin embargo, en caso de que se active la anonimizaci\u00f3n de la IP en este sitio web, su direcci\u00f3n IP ser\u00e1 truncada previamente por Google dentro de los estados miembros de la Uni\u00f3n Europea o en otros estados contratantes del Acuerdo sobre el Espacio Econ\u00f3mico Europeo.    <\/p>\n<p style=\"text-align: justify;\">S\u00f3lo en casos excepcionales se transmitir\u00e1 la direcci\u00f3n IP completa a un servidor de Google en Estados Unidos y se acortar\u00e1 all\u00ed. Google utilizar\u00e1 esta informaci\u00f3n con el fin de evaluar su uso del sitio web, recopilar informes sobre la actividad del sitio web para los operadores del mismo y prestar otros servicios relacionados con la actividad del sitio web y el uso de Internet. Google tambi\u00e9n podr\u00e1 transferir esta informaci\u00f3n a terceros cuando as\u00ed lo exija la ley o cuando dichos terceros procesen la informaci\u00f3n en nombre de Google. La direcci\u00f3n IP transmitida por su navegador como parte de Google Analytics no se fusionar\u00e1 con otros datos de Google.   <\/p>\n<p style=\"text-align: justify;\">Puede rechazar el uso de cookies seleccionando la configuraci\u00f3n adecuada en su navegador, pero tenga en cuenta que si lo hace es posible que no pueda utilizar todas las funciones de este sitio web. Al utilizar este sitio web, usted consiente el tratamiento de sus datos por parte de Google en la forma y para los fines arriba indicados. <\/p>\n<\/div><div class=\"fusion-title title fusion-title-7 fusion-sep-none fusion-title-text fusion-title-size-four\" style=\"--awb-margin-top-small:0px;--awb-margin-right-small:0px;--awb-margin-bottom-small:20px;--awb-margin-left-small:0px;\"><h4 class=\"fusion-title-heading title-heading-left fusion-responsive-typography-calculated\" style=\"margin:0;--fontSize:28;--minFontSize:28;line-height:1.29;\">Uso de Google reCAPTCHA<\/h4><\/div><div class=\"fusion-text fusion-text-6\"><p>Para proteger nuestro sitio web contra el spam y el uso indebido, utilizamos el servicio Google reCAPTCHA, proporcionado por Google LLC (1600 Amphitheatre Parkway, Mountain View, CA 94043, EE.\u202fUU.) o, para los usuarios de Suiza y la UE: Google Ireland Limited (Gordon House, Barrow Street, Dubl\u00edn 4, Irlanda).<\/p>\n<p>reCAPTCHA verifica si los datos introducidos (por ejemplo, en un formulario de contacto) han sido proporcionados por una persona o por un programa automatizado. El servicio analiza el comportamiento del usuario seg\u00fan diversos factores (direcci\u00f3n IP, movimientos del rat\u00f3n, duraci\u00f3n de la visita, sitios web visitados anteriormente). Este an\u00e1lisis comienza autom\u00e1ticamente al acceder a nuestro sitio web y los datos recogidos se transmiten a Google.   <\/p>\n<p>El tratamiento se basa en nuestro inter\u00e9s leg\u00edtimo en proteger nuestro sitio web y prevenir usos indebidos automatizados (spam).<\/p>\n<p>Google puede procesar datos en los Estados Unidos. Google est\u00e1 certificada conforme al Data Privacy Framework, lo cual garantiza un nivel adecuado de protecci\u00f3n de datos seg\u00fan la legislaci\u00f3n suiza.<br \/>Para m\u00e1s informaci\u00f3n, consulte la pol\u00edtica de privacidad de Google: <a href=\"https:\/\/policies.google.com\/privacy\" target=\"_blank\" rel=\"noopener\">policies.google.com\/privacy<\/a> <\/p>\n<\/div><div class=\"fusion-title title fusion-title-8 fusion-sep-none fusion-title-text fusion-title-size-four\" style=\"--awb-margin-top-small:0px;--awb-margin-right-small:0px;--awb-margin-bottom-small:20px;--awb-margin-left-small:0px;\"><h4 class=\"fusion-title-heading title-heading-left fusion-responsive-typography-calculated\" style=\"margin:0;--fontSize:28;--minFontSize:28;line-height:1.29;\">Validez jur\u00eddica de esta cl\u00e1usula de exenci\u00f3n de responsabilidad<\/h4><\/div><div class=\"fusion-text fusion-text-7\"><p style=\"text-align: justify;\">Esta cl\u00e1usula de exenci\u00f3n de responsabilidad debe considerarse como parte de la publicaci\u00f3n en Internet desde la que se le remiti\u00f3. Si algunas secciones o t\u00e9rminos individuales de esta declaraci\u00f3n no son legales o correctos, el contenido o la validez de las otras partes no se ven afectados por este hecho. <\/p>\n<\/div><\/div><\/div><\/div><\/div>\n","protected":false},"excerpt":{"rendered":"","protected":false},"author":1,"featured_media":0,"parent":0,"menu_order":0,"comment_status":"closed","ping_status":"closed","template":"","meta":{"_monsterinsights_skip_tracking":false,"_monsterinsights_sitenote_active":false,"_monsterinsights_sitenote_note":"","_monsterinsights_sitenote_category":0,"ngg_post_thumbnail":0,"footnotes":""},"class_list":["post-4398","page","type-page","status-publish","hentry"],"yoast_head":"<!-- This site is optimized with the Yoast SEO plugin v27.4 - https:\/\/yoast.com\/product\/yoast-seo-wordpress\/ -->\n<title>Descargo de responsabilidad - taketray<\/title>\n<meta name=\"robots\" content=\"index, follow, max-snippet:-1, max-image-preview:large, max-video-preview:-1\" \/>\n<link rel=\"canonical\" href=\"https:\/\/www.taketray.ch\/es\/descargo-de-responsabilidad\/\" \/>\n<meta property=\"og:locale\" content=\"es_ES\" \/>\n<meta property=\"og:type\" content=\"article\" \/>\n<meta property=\"og:title\" content=\"Descargo de responsabilidad - taketray\" \/>\n<meta property=\"og:url\" content=\"https:\/\/www.taketray.ch\/es\/descargo-de-responsabilidad\/\" \/>\n<meta property=\"og:site_name\" content=\"taketray\" \/>\n<meta property=\"article:modified_time\" content=\"2025-07-17T07:47:40+00:00\" \/>\n<meta name=\"twitter:card\" content=\"summary_large_image\" \/>\n<meta name=\"twitter:label1\" content=\"Tiempo de lectura\" \/>\n\t<meta name=\"twitter:data1\" content=\"14 minutos\" \/>\n<script type=\"application\/ld+json\" class=\"yoast-schema-graph\">{\"@context\":\"https:\\\/\\\/schema.org\",\"@graph\":[{\"@type\":\"WebPage\",\"@id\":\"https:\\\/\\\/www.taketray.ch\\\/es\\\/descargo-de-responsabilidad\\\/\",\"url\":\"https:\\\/\\\/www.taketray.ch\\\/es\\\/descargo-de-responsabilidad\\\/\",\"name\":\"Descargo de responsabilidad - taketray\",\"isPartOf\":{\"@id\":\"https:\\\/\\\/www.taketray.ch\\\/es\\\/#website\"},\"datePublished\":\"2022-05-17T14:39:22+00:00\",\"dateModified\":\"2025-07-17T07:47:40+00:00\",\"breadcrumb\":{\"@id\":\"https:\\\/\\\/www.taketray.ch\\\/es\\\/descargo-de-responsabilidad\\\/#breadcrumb\"},\"inLanguage\":\"es\",\"potentialAction\":[{\"@type\":\"ReadAction\",\"target\":[\"https:\\\/\\\/www.taketray.ch\\\/es\\\/descargo-de-responsabilidad\\\/\"]}]},{\"@type\":\"BreadcrumbList\",\"@id\":\"https:\\\/\\\/www.taketray.ch\\\/es\\\/descargo-de-responsabilidad\\\/#breadcrumb\",\"itemListElement\":[{\"@type\":\"ListItem\",\"position\":1,\"name\":\"Home\",\"item\":\"https:\\\/\\\/www.taketray.ch\\\/es\\\/\"},{\"@type\":\"ListItem\",\"position\":2,\"name\":\"Descargo de responsabilidad\"}]},{\"@type\":\"WebSite\",\"@id\":\"https:\\\/\\\/www.taketray.ch\\\/es\\\/#website\",\"url\":\"https:\\\/\\\/www.taketray.ch\\\/es\\\/\",\"name\":\"taketray\",\"description\":\"der portable Aschenbecher\",\"publisher\":{\"@id\":\"https:\\\/\\\/www.taketray.ch\\\/es\\\/#organization\"},\"potentialAction\":[{\"@type\":\"SearchAction\",\"target\":{\"@type\":\"EntryPoint\",\"urlTemplate\":\"https:\\\/\\\/www.taketray.ch\\\/es\\\/?s={search_term_string}\"},\"query-input\":{\"@type\":\"PropertyValueSpecification\",\"valueRequired\":true,\"valueName\":\"search_term_string\"}}],\"inLanguage\":\"es\"},{\"@type\":\"Organization\",\"@id\":\"https:\\\/\\\/www.taketray.ch\\\/es\\\/#organization\",\"name\":\"taketray GmbH\",\"url\":\"https:\\\/\\\/www.taketray.ch\\\/es\\\/\",\"logo\":{\"@type\":\"ImageObject\",\"inLanguage\":\"es\",\"@id\":\"https:\\\/\\\/www.taketray.ch\\\/es\\\/#\\\/schema\\\/logo\\\/image\\\/\",\"url\":\"https:\\\/\\\/www.taketray.ch\\\/wp-content\\\/uploads\\\/2020\\\/09\\\/logo.gif\",\"contentUrl\":\"https:\\\/\\\/www.taketray.ch\\\/wp-content\\\/uploads\\\/2020\\\/09\\\/logo.gif\",\"width\":200,\"height\":59,\"caption\":\"taketray GmbH\"},\"image\":{\"@id\":\"https:\\\/\\\/www.taketray.ch\\\/es\\\/#\\\/schema\\\/logo\\\/image\\\/\"}}]}<\/script>\n<!-- \/ Yoast SEO plugin. -->","yoast_head_json":{"title":"Descargo de responsabilidad - taketray","robots":{"index":"index","follow":"follow","max-snippet":"max-snippet:-1","max-image-preview":"max-image-preview:large","max-video-preview":"max-video-preview:-1"},"canonical":"https:\/\/www.taketray.ch\/es\/descargo-de-responsabilidad\/","og_locale":"es_ES","og_type":"article","og_title":"Descargo de responsabilidad - taketray","og_url":"https:\/\/www.taketray.ch\/es\/descargo-de-responsabilidad\/","og_site_name":"taketray","article_modified_time":"2025-07-17T07:47:40+00:00","twitter_card":"summary_large_image","twitter_misc":{"Tiempo de lectura":"14 minutos"},"schema":{"@context":"https:\/\/schema.org","@graph":[{"@type":"WebPage","@id":"https:\/\/www.taketray.ch\/es\/descargo-de-responsabilidad\/","url":"https:\/\/www.taketray.ch\/es\/descargo-de-responsabilidad\/","name":"Descargo de responsabilidad - taketray","isPartOf":{"@id":"https:\/\/www.taketray.ch\/es\/#website"},"datePublished":"2022-05-17T14:39:22+00:00","dateModified":"2025-07-17T07:47:40+00:00","breadcrumb":{"@id":"https:\/\/www.taketray.ch\/es\/descargo-de-responsabilidad\/#breadcrumb"},"inLanguage":"es","potentialAction":[{"@type":"ReadAction","target":["https:\/\/www.taketray.ch\/es\/descargo-de-responsabilidad\/"]}]},{"@type":"BreadcrumbList","@id":"https:\/\/www.taketray.ch\/es\/descargo-de-responsabilidad\/#breadcrumb","itemListElement":[{"@type":"ListItem","position":1,"name":"Home","item":"https:\/\/www.taketray.ch\/es\/"},{"@type":"ListItem","position":2,"name":"Descargo de responsabilidad"}]},{"@type":"WebSite","@id":"https:\/\/www.taketray.ch\/es\/#website","url":"https:\/\/www.taketray.ch\/es\/","name":"taketray","description":"der portable Aschenbecher","publisher":{"@id":"https:\/\/www.taketray.ch\/es\/#organization"},"potentialAction":[{"@type":"SearchAction","target":{"@type":"EntryPoint","urlTemplate":"https:\/\/www.taketray.ch\/es\/?s={search_term_string}"},"query-input":{"@type":"PropertyValueSpecification","valueRequired":true,"valueName":"search_term_string"}}],"inLanguage":"es"},{"@type":"Organization","@id":"https:\/\/www.taketray.ch\/es\/#organization","name":"taketray GmbH","url":"https:\/\/www.taketray.ch\/es\/","logo":{"@type":"ImageObject","inLanguage":"es","@id":"https:\/\/www.taketray.ch\/es\/#\/schema\/logo\/image\/","url":"https:\/\/www.taketray.ch\/wp-content\/uploads\/2020\/09\/logo.gif","contentUrl":"https:\/\/www.taketray.ch\/wp-content\/uploads\/2020\/09\/logo.gif","width":200,"height":59,"caption":"taketray GmbH"},"image":{"@id":"https:\/\/www.taketray.ch\/es\/#\/schema\/logo\/image\/"}}]}},"_links":{"self":[{"href":"https:\/\/www.taketray.ch\/es\/wp-json\/wp\/v2\/pages\/4398","targetHints":{"allow":["GET"]}}],"collection":[{"href":"https:\/\/www.taketray.ch\/es\/wp-json\/wp\/v2\/pages"}],"about":[{"href":"https:\/\/www.taketray.ch\/es\/wp-json\/wp\/v2\/types\/page"}],"author":[{"embeddable":true,"href":"https:\/\/www.taketray.ch\/es\/wp-json\/wp\/v2\/users\/1"}],"replies":[{"embeddable":true,"href":"https:\/\/www.taketray.ch\/es\/wp-json\/wp\/v2\/comments?post=4398"}],"version-history":[{"count":4,"href":"https:\/\/www.taketray.ch\/es\/wp-json\/wp\/v2\/pages\/4398\/revisions"}],"predecessor-version":[{"id":9350,"href":"https:\/\/www.taketray.ch\/es\/wp-json\/wp\/v2\/pages\/4398\/revisions\/9350"}],"wp:attachment":[{"href":"https:\/\/www.taketray.ch\/es\/wp-json\/wp\/v2\/media?parent=4398"}],"curies":[{"name":"wp","href":"https:\/\/api.w.org\/{rel}","templated":true}]}}