{"id":2655,"date":"2020-09-20T14:38:43","date_gmt":"2020-09-20T13:38:43","guid":{"rendered":"https:\/\/www.taketray.ch\/disclaimer\/"},"modified":"2025-07-17T08:45:56","modified_gmt":"2025-07-17T07:45:56","slug":"disclaimer","status":"publish","type":"page","link":"https:\/\/www.taketray.ch\/fr\/disclaimer\/","title":{"rendered":"Clause de non-responsabilit\u00e9"},"content":{"rendered":"<div class=\"fusion-fullwidth fullwidth-box fusion-builder-row-1 fusion-flex-container nonhundred-percent-fullwidth non-hundred-percent-height-scrolling\" style=\"--awb-border-radius-top-left:0px;--awb-border-radius-top-right:0px;--awb-border-radius-bottom-right:0px;--awb-border-radius-bottom-left:0px;--awb-flex-wrap:wrap;\" ><div class=\"fusion-builder-row fusion-row fusion-flex-align-items-flex-start fusion-flex-content-wrap\" style=\"max-width:1216.8px;margin-left: calc(-4% \/ 2 );margin-right: calc(-4% \/ 2 );\"><div class=\"fusion-layout-column fusion_builder_column fusion-builder-column-0 fusion_builder_column_1_1 1_1 fusion-flex-column\" style=\"--awb-bg-size:cover;--awb-width-large:100%;--awb-margin-top-large:0px;--awb-spacing-right-large:1.92%;--awb-margin-bottom-large:0px;--awb-spacing-left-large:1.92%;--awb-width-medium:100%;--awb-spacing-right-medium:1.92%;--awb-spacing-left-medium:1.92%;--awb-width-small:100%;--awb-spacing-right-small:1.92%;--awb-spacing-left-small:1.92%;\"><div class=\"fusion-column-wrapper fusion-flex-justify-content-flex-start fusion-content-layout-column\"><div class=\"fusion-title title fusion-title-1 sep-underline sep-solid fusion-title-text fusion-title-size-one\" style=\"--awb-margin-top-small:0px;--awb-margin-right-small:0px;--awb-margin-bottom-small:20px;--awb-margin-left-small:0px;\"><h1 class=\"fusion-title-heading title-heading-left fusion-responsive-typography-calculated\" style=\"margin:0;--fontSize:56;line-height:1.16;\">Clause de non-responsabilit\u00e9<\/h1><\/div><div class=\"fusion-title title fusion-title-2 fusion-sep-none fusion-title-text fusion-title-size-four\" style=\"--awb-margin-top-small:0px;--awb-margin-right-small:0px;--awb-margin-bottom-small:20px;--awb-margin-left-small:0px;\"><h4 class=\"fusion-title-heading title-heading-left fusion-responsive-typography-calculated\" style=\"margin:0;--fontSize:28;--minFontSize:28;line-height:1.29;\">Contenu de l&rsquo;offre en ligne<\/h4><\/div><div class=\"fusion-text fusion-text-1\"><p style=\"text-align: justify;\">taketray GmbH n&rsquo;assume aucune garantie quant \u00e0 l&rsquo;actualit\u00e9, l&rsquo;exactitude, l&rsquo;exhaustivit\u00e9 ou la qualit\u00e9 des informations mises \u00e0 disposition. Les droits de responsabilit\u00e9 \u00e0 l&rsquo;encontre de taketray GmbH se rapportant \u00e0 des dommages de nature mat\u00e9rielle ou immat\u00e9rielle caus\u00e9s par l&rsquo;utilisation ou la non-utilisation des informations pr\u00e9sent\u00e9es ou par l&rsquo;utilisation d&rsquo;informations erron\u00e9es ou incompl\u00e8tes sont fondamentalement exclus, dans la mesure o\u00f9 taketray GmbH n&rsquo;a pas commis de faute intentionnelle ou de n\u00e9gligence grave av\u00e9r\u00e9e. Toutes les offres sont sans engagement et non contractuelles. taketray GmbH se r\u00e9serve express\u00e9ment le droit de modifier, de compl\u00e9ter ou de supprimer des parties de pages ou l&rsquo;ensemble de l&rsquo;offre sans pr\u00e9avis particulier ou d&rsquo;en suspendre temporairement ou d\u00e9finitivement la publication.   <\/p>\n<\/div><div class=\"fusion-title title fusion-title-3 fusion-sep-none fusion-title-text fusion-title-size-four\" style=\"--awb-margin-top-small:0px;--awb-margin-right-small:0px;--awb-margin-bottom-small:20px;--awb-margin-left-small:0px;\"><h4 class=\"fusion-title-heading title-heading-left fusion-responsive-typography-calculated\" style=\"margin:0;--fontSize:28;--minFontSize:28;line-height:1.29;\">R\u00e9f\u00e9rences et liens<\/h4><\/div><div class=\"fusion-text fusion-text-2\"><p style=\"text-align: justify;\">En cas de renvois directs ou indirects \u00e0 des sites Internet \u00e9trangers (\u00ab\u00a0liens\u00a0\u00bb) qui se trouvent en dehors du domaine de responsabilit\u00e9 de taketray GmbH, une obligation de responsabilit\u00e9 entrerait exclusivement en vigueur dans le cas o\u00f9 taketray GmbH aurait connaissance des contenus et qu&rsquo;il lui serait techniquement possible et raisonnable d&#8217;emp\u00eacher l&rsquo;utilisation en cas de contenus ill\u00e9gaux. taketray GmbH d\u00e9clare donc express\u00e9ment qu&rsquo;au moment de l&rsquo;\u00e9tablissement des liens, les pages correspondantes reli\u00e9es \u00e9taient exemptes de contenus ill\u00e9gaux. taketray GmbH n&rsquo;a aucune influence sur la conception actuelle et future et sur les contenus des pages reli\u00e9es\/associ\u00e9es. C&rsquo;est pourquoi elle se distancie express\u00e9ment par la pr\u00e9sente de tous les contenus de toutes les pages li\u00e9es\/associ\u00e9es qui ont \u00e9t\u00e9 modifi\u00e9es apr\u00e8s l&rsquo;\u00e9tablissement des liens. Cette constatation s&rsquo;applique \u00e0 tous les liens et renvois plac\u00e9s au sein de sa propre offre Internet ainsi qu&rsquo;aux inscriptions de tiers dans les livres d&rsquo;or, forums de discussion et listes de diffusion mis en place par l&rsquo;auteur. Seul le fournisseur de la page \u00e0 laquelle il a \u00e9t\u00e9 renvoy\u00e9 est responsable des contenus ill\u00e9gaux, erron\u00e9s ou incomplets et en particulier des dommages r\u00e9sultant de l&rsquo;utilisation ou de la non-utilisation des informations ainsi pr\u00e9sent\u00e9es, et non celui qui ne fait que renvoyer \u00e0 la publication concern\u00e9e par le biais de liens.     <\/p>\n<\/div><div class=\"fusion-title title fusion-title-4 fusion-sep-none fusion-title-text fusion-title-size-four\" style=\"--awb-margin-top-small:0px;--awb-margin-right-small:0px;--awb-margin-bottom-small:20px;--awb-margin-left-small:0px;\"><h4 class=\"fusion-title-heading title-heading-left fusion-responsive-typography-calculated\" style=\"margin:0;--fontSize:28;--minFontSize:28;line-height:1.29;\">Droit d&rsquo;auteur et droit des marques<\/h4><\/div><div class=\"fusion-text fusion-text-3\"><p style=\"text-align: justify;\">taketray GmbH s&rsquo;efforce de respecter dans toutes les publications les droits d&rsquo;auteur des graphiques, documents sonores, s\u00e9quences vid\u00e9o et textes utilis\u00e9s, d&rsquo;utiliser des graphiques, documents sonores, s\u00e9quences vid\u00e9o et textes qu&rsquo;il a lui-m\u00eame cr\u00e9\u00e9s ou de recourir \u00e0 des graphiques, documents sonores, s\u00e9quences vid\u00e9o et textes libres de droits. Toutes les marques et marques d\u00e9pos\u00e9es mentionn\u00e9es dans l&rsquo;offre Internet et \u00e9ventuellement prot\u00e9g\u00e9es par des tiers sont soumises sans restriction aux dispositions du droit des marques de fabrique en vigueur et aux droits de propri\u00e9t\u00e9 des propri\u00e9taires enregistr\u00e9s respectifs. La simple mention d&rsquo;une marque ne permet pas d&rsquo;en d\u00e9duire qu&rsquo;elle n&rsquo;est pas prot\u00e9g\u00e9e par les droits d&rsquo;un tiers ! Le copyright pour les objets publi\u00e9s et cr\u00e9\u00e9s par taketray GmbH elle-m\u00eame reste la propri\u00e9t\u00e9 exclusive de l&rsquo;auteur des pages. Toute reproduction ou utilisation de tels graphiques, documents sonores, s\u00e9quences vid\u00e9o et textes dans d&rsquo;autres publications \u00e9lectroniques ou imprim\u00e9es est interdite sans l&rsquo;autorisation expresse de taketray GmbH.    <\/p>\n<\/div><div class=\"fusion-title title fusion-title-5 fusion-sep-none fusion-title-text fusion-title-size-four\" style=\"--awb-margin-top-small:0px;--awb-margin-right-small:0px;--awb-margin-bottom-small:20px;--awb-margin-left-small:0px;\"><h4 class=\"fusion-title-heading title-heading-left fusion-responsive-typography-calculated\" style=\"margin:0;--fontSize:28;--minFontSize:28;line-height:1.29;\">Protection des donn\u00e9es<\/h4><\/div><div class=\"fusion-text fusion-text-4\"><p style=\"text-align: justify;\">Dans la mesure o\u00f9 il est possible de saisir des donn\u00e9es personnelles ou professionnelles (adresses e-mail, noms, adresses) dans le cadre de l&rsquo;offre Internet, la divulgation de ces donn\u00e9es par l&rsquo;utilisateur se fait sur une base express\u00e9ment volontaire. L&rsquo;utilisation et le paiement de tous les services propos\u00e9s sont \u00e9galement autoris\u00e9s &#8211; dans la mesure o\u00f9 cela est techniquement possible et raisonnable &#8211; sans indication de telles donn\u00e9es ou en indiquant des donn\u00e9es anonymes ou un pseudonyme. <\/p>\n<\/div><div class=\"fusion-title title fusion-title-6 fusion-sep-none fusion-title-text fusion-title-size-four\" style=\"--awb-margin-top-small:0px;--awb-margin-right-small:0px;--awb-margin-bottom-small:20px;--awb-margin-left-small:0px;\"><h4 class=\"fusion-title-heading title-heading-left fusion-responsive-typography-calculated\" style=\"margin:0;--fontSize:28;--minFontSize:28;line-height:1.29;\">D\u00e9claration de confidentialit\u00e9 relative \u00e0 l&rsquo;utilisation de Google Analytics<\/h4><\/div><div class=\"fusion-text fusion-text-5\"><p style=\"text-align: justify;\">Ce site utilise Google Analytics, un service d&rsquo;analyse de site internet fourni par Google Inc (\u00ab\u00a0Google\u00a0\u00bb). Google Analytics utilise des \u00ab\u00a0cookies\u00a0\u00bb, des fichiers texte qui sont stock\u00e9s sur votre ordinateur et qui permettent d&rsquo;analyser votre utilisation du site Web. Les informations g\u00e9n\u00e9r\u00e9es par le cookie concernant votre utilisation de ce site Web sont g\u00e9n\u00e9ralement transmises \u00e0 un serveur de Google aux \u00c9tats-Unis et y sont stock\u00e9es. Toutefois, si l&rsquo;anonymisation IP est activ\u00e9e sur ce site, votre adresse IP sera pr\u00e9alablement abr\u00e9g\u00e9e par Google dans les \u00c9tats membres de l&rsquo;Union europ\u00e9enne ou dans d&rsquo;autres \u00c9tats parties \u00e0 l&rsquo;accord sur l&rsquo;Espace \u00e9conomique europ\u00e9en.    <\/p>\n<p style=\"text-align: justify;\">Ce n&rsquo;est que dans des cas exceptionnels que l&rsquo;adresse IP compl\u00e8te est transmise \u00e0 un serveur de Google aux \u00c9tats-Unis, o\u00f9 elle est abr\u00e9g\u00e9e. Google utilisera cette information dans le but d&rsquo;\u00e9valuer votre utilisation du site, de compiler des rapports sur l&rsquo;activit\u00e9 du site \u00e0 destination de son \u00e9diteur et de fournir d&rsquo;autres services relatifs \u00e0 l&rsquo;activit\u00e9 du site et \u00e0 l&rsquo;utilisation d&rsquo;Internet. Google est susceptible de communiquer ces donn\u00e9es \u00e0 des tiers en cas d&rsquo;obligation l\u00e9gale ou lorsque ces tiers traitent ces donn\u00e9es pour le compte de Google. L&rsquo;adresse IP transmise par votre navigateur dans le cadre de Google Analytics ne sera pas recoup\u00e9e avec d&rsquo;autres donn\u00e9es de Google.   <\/p>\n<p style=\"text-align: justify;\">Vous pouvez emp\u00eacher l&rsquo;installation des cookies en param\u00e9trant votre navigateur en cons\u00e9quence ; nous attirons toutefois votre attention sur le fait que, dans ce cas, vous ne pourrez peut-\u00eatre pas utiliser toutes les fonctions de ce site web dans leur int\u00e9gralit\u00e9. En utilisant ce site, vous consentez express\u00e9ment au traitement de vos donn\u00e9es nominatives par Google dans les conditions et pour les finalit\u00e9s d\u00e9crites ci-dessus. <\/p>\n<\/div><div class=\"fusion-title title fusion-title-7 fusion-sep-none fusion-title-text fusion-title-size-four\" style=\"--awb-margin-top-small:0px;--awb-margin-right-small:0px;--awb-margin-bottom-small:20px;--awb-margin-left-small:0px;\"><h4 class=\"fusion-title-heading title-heading-left fusion-responsive-typography-calculated\" style=\"margin:0;--fontSize:28;--minFontSize:28;line-height:1.29;\">Utilisation de Google reCAPTCHAVerwendung von Google reCAPTCHA<\/h4><\/div><div class=\"fusion-text fusion-text-6\"><p>Pour prot\u00e9ger notre site web contre le spam et les abus, nous utilisons le service Google reCAPTCHA fourni par Google LLC (1600 Amphitheatre Parkway, Mountain View, CA 94043, USA) ou, pour les utilisateurs en Suisse et dans l\u2019UE : Google Ireland Limited (Gordon House, Barrow Street, Dublin 4, Irlande).Zum Schutz unserer Website vor Spam und Missbrauch verwenden wir den Dienst Google reCAPTCHA des Unternehmens Google LLC (1600 Amphitheatre Parkway, Mountain View, CA 94043, USA) bzw. f\u00fcr Nutzer in der Schweiz und der EU: Google Ireland Limited (Gordon House, Barrow Street, Dublin 4, Irland).<\/p>\n<p>reCAPTCHA permet de v\u00e9rifier si les donn\u00e9es saisies sur notre site (par exemple via un formulaire de contact) proviennent d\u2019une personne r\u00e9elle ou d\u2019un programme automatis\u00e9. Le service analyse le comportement des utilisateurs \u00e0 l\u2019aide de diff\u00e9rentes donn\u00e9es (adresse IP, mouvements de souris, dur\u00e9e de la visite, sites pr\u00e9c\u00e9demment visit\u00e9s). L\u2019analyse d\u00e9marre automatiquement d\u00e8s que vous acc\u00e9dez \u00e0 notre site et les donn\u00e9es collect\u00e9es sont transmises \u00e0 Google.   <\/p>\n<p>Le traitement repose sur notre int\u00e9r\u00eat l\u00e9gitime \u00e0 assurer la s\u00e9curit\u00e9 de notre site web et \u00e0 pr\u00e9venir les abus automatis\u00e9s (spam).<\/p>\n<p>Google verarbeitet Daten auch in den USA. Google ist unter dem Data Privacy Framework zertifiziert und bietet dadurch einen angemessenen Datenschutz im Sinne des schweizerischen Datenschutzrechts.&nbsp;Weitere Informationen zum Datenschutz bei Google finden Sie in der Datenschutzerkl\u00e4rung von Google: <a href=\"https:\/\/policies.google.com\/privacy\" target=\"_blank\" rel=\"noopener\">policies.google.com\/privacy<\/a> <\/p>\n<\/div><div class=\"fusion-title title fusion-title-8 fusion-sep-none fusion-title-text fusion-title-size-four\" style=\"--awb-margin-top-small:0px;--awb-margin-right-small:0px;--awb-margin-bottom-small:20px;--awb-margin-left-small:0px;\"><h4 class=\"fusion-title-heading title-heading-left fusion-responsive-typography-calculated\" style=\"margin:0;--fontSize:28;--minFontSize:28;line-height:1.29;\">Efficacit\u00e9 juridique de cette clause de non-responsabilit\u00e9<\/h4><\/div><div class=\"fusion-text fusion-text-7\"><p style=\"text-align: justify;\">Cette exclusion de responsabilit\u00e9 doit \u00eatre consid\u00e9r\u00e9e comme faisant partie de l&rsquo;offre Internet \u00e0 partir de laquelle il a \u00e9t\u00e9 fait r\u00e9f\u00e9rence \u00e0 cette page. Si des parties ou certaines formulations de ce texte ne devaient pas, plus ou pas enti\u00e8rement correspondre \u00e0 la situation juridique en vigueur, les autres parties du document n&rsquo;en seraient pas affect\u00e9es dans leur contenu et leur validit\u00e9. <\/p>\n<\/div><\/div><\/div><\/div><\/div>\n","protected":false},"excerpt":{"rendered":"","protected":false},"author":1,"featured_media":0,"parent":0,"menu_order":0,"comment_status":"closed","ping_status":"closed","template":"","meta":{"_monsterinsights_skip_tracking":false,"_monsterinsights_sitenote_active":false,"_monsterinsights_sitenote_note":"","_monsterinsights_sitenote_category":0,"ngg_post_thumbnail":0,"footnotes":""},"class_list":["post-2655","page","type-page","status-publish","hentry"],"yoast_head":"<!-- This site is optimized with the Yoast SEO plugin v27.4 - https:\/\/yoast.com\/product\/yoast-seo-wordpress\/ -->\n<title>Clause de non-responsabilit\u00e9 - taketray<\/title>\n<meta name=\"robots\" content=\"index, follow, max-snippet:-1, max-image-preview:large, max-video-preview:-1\" \/>\n<link rel=\"canonical\" href=\"https:\/\/www.taketray.ch\/fr\/disclaimer\/\" \/>\n<meta property=\"og:locale\" content=\"fr_FR\" \/>\n<meta property=\"og:type\" content=\"article\" \/>\n<meta property=\"og:title\" content=\"Clause de non-responsabilit\u00e9 - taketray\" \/>\n<meta property=\"og:url\" content=\"https:\/\/www.taketray.ch\/fr\/disclaimer\/\" \/>\n<meta property=\"og:site_name\" content=\"taketray\" \/>\n<meta property=\"article:modified_time\" content=\"2025-07-17T07:45:56+00:00\" \/>\n<meta name=\"twitter:card\" content=\"summary_large_image\" \/>\n<meta name=\"twitter:label1\" content=\"Dur\u00e9e de lecture estim\u00e9e\" \/>\n\t<meta name=\"twitter:data1\" content=\"15 minutes\" \/>\n<script type=\"application\/ld+json\" class=\"yoast-schema-graph\">{\"@context\":\"https:\\\/\\\/schema.org\",\"@graph\":[{\"@type\":\"WebPage\",\"@id\":\"https:\\\/\\\/www.taketray.ch\\\/fr\\\/disclaimer\\\/\",\"url\":\"https:\\\/\\\/www.taketray.ch\\\/fr\\\/disclaimer\\\/\",\"name\":\"Clause de non-responsabilit\u00e9 - taketray\",\"isPartOf\":{\"@id\":\"https:\\\/\\\/www.taketray.ch\\\/fr\\\/#website\"},\"datePublished\":\"2020-09-20T13:38:43+00:00\",\"dateModified\":\"2025-07-17T07:45:56+00:00\",\"breadcrumb\":{\"@id\":\"https:\\\/\\\/www.taketray.ch\\\/fr\\\/disclaimer\\\/#breadcrumb\"},\"inLanguage\":\"fr-FR\",\"potentialAction\":[{\"@type\":\"ReadAction\",\"target\":[\"https:\\\/\\\/www.taketray.ch\\\/fr\\\/disclaimer\\\/\"]}]},{\"@type\":\"BreadcrumbList\",\"@id\":\"https:\\\/\\\/www.taketray.ch\\\/fr\\\/disclaimer\\\/#breadcrumb\",\"itemListElement\":[{\"@type\":\"ListItem\",\"position\":1,\"name\":\"Home\",\"item\":\"https:\\\/\\\/www.taketray.ch\\\/fr\\\/\"},{\"@type\":\"ListItem\",\"position\":2,\"name\":\"Clause de non-responsabilit\u00e9\"}]},{\"@type\":\"WebSite\",\"@id\":\"https:\\\/\\\/www.taketray.ch\\\/fr\\\/#website\",\"url\":\"https:\\\/\\\/www.taketray.ch\\\/fr\\\/\",\"name\":\"taketray\",\"description\":\"der portable Aschenbecher\",\"publisher\":{\"@id\":\"https:\\\/\\\/www.taketray.ch\\\/fr\\\/#organization\"},\"potentialAction\":[{\"@type\":\"SearchAction\",\"target\":{\"@type\":\"EntryPoint\",\"urlTemplate\":\"https:\\\/\\\/www.taketray.ch\\\/fr\\\/?s={search_term_string}\"},\"query-input\":{\"@type\":\"PropertyValueSpecification\",\"valueRequired\":true,\"valueName\":\"search_term_string\"}}],\"inLanguage\":\"fr-FR\"},{\"@type\":\"Organization\",\"@id\":\"https:\\\/\\\/www.taketray.ch\\\/fr\\\/#organization\",\"name\":\"taketray GmbH\",\"url\":\"https:\\\/\\\/www.taketray.ch\\\/fr\\\/\",\"logo\":{\"@type\":\"ImageObject\",\"inLanguage\":\"fr-FR\",\"@id\":\"https:\\\/\\\/www.taketray.ch\\\/fr\\\/#\\\/schema\\\/logo\\\/image\\\/\",\"url\":\"https:\\\/\\\/www.taketray.ch\\\/wp-content\\\/uploads\\\/2020\\\/09\\\/logo.gif\",\"contentUrl\":\"https:\\\/\\\/www.taketray.ch\\\/wp-content\\\/uploads\\\/2020\\\/09\\\/logo.gif\",\"width\":200,\"height\":59,\"caption\":\"taketray GmbH\"},\"image\":{\"@id\":\"https:\\\/\\\/www.taketray.ch\\\/fr\\\/#\\\/schema\\\/logo\\\/image\\\/\"}}]}<\/script>\n<!-- \/ Yoast SEO plugin. -->","yoast_head_json":{"title":"Clause de non-responsabilit\u00e9 - taketray","robots":{"index":"index","follow":"follow","max-snippet":"max-snippet:-1","max-image-preview":"max-image-preview:large","max-video-preview":"max-video-preview:-1"},"canonical":"https:\/\/www.taketray.ch\/fr\/disclaimer\/","og_locale":"fr_FR","og_type":"article","og_title":"Clause de non-responsabilit\u00e9 - taketray","og_url":"https:\/\/www.taketray.ch\/fr\/disclaimer\/","og_site_name":"taketray","article_modified_time":"2025-07-17T07:45:56+00:00","twitter_card":"summary_large_image","twitter_misc":{"Dur\u00e9e de lecture estim\u00e9e":"15 minutes"},"schema":{"@context":"https:\/\/schema.org","@graph":[{"@type":"WebPage","@id":"https:\/\/www.taketray.ch\/fr\/disclaimer\/","url":"https:\/\/www.taketray.ch\/fr\/disclaimer\/","name":"Clause de non-responsabilit\u00e9 - taketray","isPartOf":{"@id":"https:\/\/www.taketray.ch\/fr\/#website"},"datePublished":"2020-09-20T13:38:43+00:00","dateModified":"2025-07-17T07:45:56+00:00","breadcrumb":{"@id":"https:\/\/www.taketray.ch\/fr\/disclaimer\/#breadcrumb"},"inLanguage":"fr-FR","potentialAction":[{"@type":"ReadAction","target":["https:\/\/www.taketray.ch\/fr\/disclaimer\/"]}]},{"@type":"BreadcrumbList","@id":"https:\/\/www.taketray.ch\/fr\/disclaimer\/#breadcrumb","itemListElement":[{"@type":"ListItem","position":1,"name":"Home","item":"https:\/\/www.taketray.ch\/fr\/"},{"@type":"ListItem","position":2,"name":"Clause de non-responsabilit\u00e9"}]},{"@type":"WebSite","@id":"https:\/\/www.taketray.ch\/fr\/#website","url":"https:\/\/www.taketray.ch\/fr\/","name":"taketray","description":"der portable Aschenbecher","publisher":{"@id":"https:\/\/www.taketray.ch\/fr\/#organization"},"potentialAction":[{"@type":"SearchAction","target":{"@type":"EntryPoint","urlTemplate":"https:\/\/www.taketray.ch\/fr\/?s={search_term_string}"},"query-input":{"@type":"PropertyValueSpecification","valueRequired":true,"valueName":"search_term_string"}}],"inLanguage":"fr-FR"},{"@type":"Organization","@id":"https:\/\/www.taketray.ch\/fr\/#organization","name":"taketray GmbH","url":"https:\/\/www.taketray.ch\/fr\/","logo":{"@type":"ImageObject","inLanguage":"fr-FR","@id":"https:\/\/www.taketray.ch\/fr\/#\/schema\/logo\/image\/","url":"https:\/\/www.taketray.ch\/wp-content\/uploads\/2020\/09\/logo.gif","contentUrl":"https:\/\/www.taketray.ch\/wp-content\/uploads\/2020\/09\/logo.gif","width":200,"height":59,"caption":"taketray GmbH"},"image":{"@id":"https:\/\/www.taketray.ch\/fr\/#\/schema\/logo\/image\/"}}]}},"_links":{"self":[{"href":"https:\/\/www.taketray.ch\/fr\/wp-json\/wp\/v2\/pages\/2655","targetHints":{"allow":["GET"]}}],"collection":[{"href":"https:\/\/www.taketray.ch\/fr\/wp-json\/wp\/v2\/pages"}],"about":[{"href":"https:\/\/www.taketray.ch\/fr\/wp-json\/wp\/v2\/types\/page"}],"author":[{"embeddable":true,"href":"https:\/\/www.taketray.ch\/fr\/wp-json\/wp\/v2\/users\/1"}],"replies":[{"embeddable":true,"href":"https:\/\/www.taketray.ch\/fr\/wp-json\/wp\/v2\/comments?post=2655"}],"version-history":[{"count":6,"href":"https:\/\/www.taketray.ch\/fr\/wp-json\/wp\/v2\/pages\/2655\/revisions"}],"predecessor-version":[{"id":9342,"href":"https:\/\/www.taketray.ch\/fr\/wp-json\/wp\/v2\/pages\/2655\/revisions\/9342"}],"wp:attachment":[{"href":"https:\/\/www.taketray.ch\/fr\/wp-json\/wp\/v2\/media?parent=2655"}],"curies":[{"name":"wp","href":"https:\/\/api.w.org\/{rel}","templated":true}]}}