{"id":3052,"date":"2021-07-22T08:30:53","date_gmt":"2021-07-22T07:30:53","guid":{"rendered":"https:\/\/www.taketray.ch\/?page_id=3052"},"modified":"2021-08-12T08:21:26","modified_gmt":"2021-08-12T07:21:26","slug":"conditions-generales","status":"publish","type":"page","link":"https:\/\/www.taketray.ch\/fr\/conditions-generales\/","title":{"rendered":"Conditions g\u00e9n\u00e9rales"},"content":{"rendered":"<div class=\"fusion-fullwidth fullwidth-box fusion-builder-row-1 fusion-flex-container nonhundred-percent-fullwidth non-hundred-percent-height-scrolling\" style=\"--awb-border-radius-top-left:0px;--awb-border-radius-top-right:0px;--awb-border-radius-bottom-right:0px;--awb-border-radius-bottom-left:0px;--awb-flex-wrap:wrap;\" ><div class=\"fusion-builder-row fusion-row fusion-flex-align-items-flex-start fusion-flex-content-wrap\" style=\"max-width:1216.8px;margin-left: calc(-4% \/ 2 );margin-right: calc(-4% \/ 2 );\"><div class=\"fusion-layout-column fusion_builder_column fusion-builder-column-0 fusion_builder_column_1_1 1_1 fusion-flex-column\" style=\"--awb-bg-size:cover;--awb-width-large:100%;--awb-margin-top-large:0px;--awb-spacing-right-large:1.92%;--awb-margin-bottom-large:0px;--awb-spacing-left-large:1.92%;--awb-width-medium:100%;--awb-spacing-right-medium:1.92%;--awb-spacing-left-medium:1.92%;--awb-width-small:100%;--awb-spacing-right-small:1.92%;--awb-spacing-left-small:1.92%;\"><div class=\"fusion-column-wrapper fusion-flex-justify-content-flex-start fusion-content-layout-column\"><div class=\"fusion-title title fusion-title-1 sep-underline sep-solid fusion-title-text fusion-title-size-one\" style=\"--awb-margin-top-small:0px;--awb-margin-right-small:0px;--awb-margin-bottom-small:20px;--awb-margin-left-small:0px;\"><h1 class=\"fusion-title-heading title-heading-left fusion-responsive-typography-calculated\" style=\"margin:0;--fontSize:56;line-height:1.16;\">Conditions g\u00e9n\u00e9rales d&rsquo;affaires<\/h1><\/div><div class=\"fusion-title title fusion-title-2 fusion-sep-none fusion-title-text fusion-title-size-four\" style=\"--awb-margin-top-small:0px;--awb-margin-right-small:0px;--awb-margin-bottom-small:20px;--awb-margin-left-small:0px;\"><h4 class=\"fusion-title-heading title-heading-left fusion-responsive-typography-calculated\" style=\"margin:0;--fontSize:28;--minFontSize:28;line-height:1.29;\">Champ d&rsquo;application<\/h4><\/div><div class=\"fusion-text fusion-text-1\"><p style=\"text-align: justify;\">Les pr\u00e9sentes conditions g\u00e9n\u00e9rales de taketray GmbH (ci-apr\u00e8s \u00ab\u00a0taketray\u00a0\u00bb) s&rsquo;appliquent \u00e0 tous les contrats qu&rsquo;un consommateur ou un entrepreneur (ci-apr\u00e8s \u00ab\u00a0client\u00a0\u00bb &#8211; aux fins des pr\u00e9sentes conditions g\u00e9n\u00e9rales, l&rsquo;entrepreneur d\u00e9signe toute personne physique ou morale qui, lors de la conclusion d&rsquo;une transaction l\u00e9gale, agit dans l&rsquo;exercice de son activit\u00e9 commerciale ind\u00e9pendante) conclut avec taketray en ce qui concerne les biens et\/ou services que nous proposons. L&rsquo;inclusion des propres conditions du client est refus\u00e9e, sauf accord expr\u00e8s et \u00e9crit. taketray se r\u00e9serve le droit d&rsquo;adapter les conditions g\u00e9n\u00e9rales \u00e0 tout moment et sans pr\u00e9avis.<\/p>\n<\/div><div class=\"fusion-title title fusion-title-3 fusion-sep-none fusion-title-text fusion-title-size-four\" style=\"--awb-margin-top-small:0px;--awb-margin-right-small:0px;--awb-margin-bottom-small:20px;--awb-margin-left-small:0px;\"><h4 class=\"fusion-title-heading title-heading-left fusion-responsive-typography-calculated\" style=\"margin:0;--fontSize:28;--minFontSize:28;line-height:1.29;\">Conclusion du contrat<\/h4><\/div><div class=\"fusion-text fusion-text-2\"><p>Une transaction contractuelle entre taketray et le client peut \u00eatre initi\u00e9e via la boutique en ligne sur www.taketray.ch, par t\u00e9l\u00e9phone, par e-mail ou sur place. Dans tous les cas, le client exprime avec sa commande une intention d&rsquo;achat, qui peut \u00eatre accept\u00e9e par taketray. Dans la mesure du possible, taketray envoie au client un accus\u00e9 de r\u00e9ception de la commande, qui ne doit pas \u00eatre assimil\u00e9 \u00e0 une acceptation ferme de l&rsquo;offre du client. Avec l&rsquo;envoi (partiel) des produits command\u00e9s, taketray accepte l&rsquo;offre d&rsquo;achat et la transaction l\u00e9gale est conclue.<\/p>\n<p>Si l&rsquo;article command\u00e9 par le client n&rsquo;est pas disponible, taketray s&rsquo;abstient de toute d\u00e9claration d&rsquo;acceptation. Dans ce cas, la transaction contractuelle n&rsquo;est pas conclue. taketray en informe le client et toute contrepartie d\u00e9j\u00e0 re\u00e7ue est rembours\u00e9e.<\/p>\n<p>Le traitement des commandes et les contacts sont essentiellement automatis\u00e9s et se font par courrier \u00e9lectronique. Le client doit s&rsquo;assurer que l&rsquo;adresse e-mail qu&rsquo;il a indiqu\u00e9e au cours du processus de commande est correcte et que les e-mails envoy\u00e9s par le vendeur peuvent \u00eatre re\u00e7us sous cette adresse (filtre anti-spam, occupation de la bo\u00eete aux lettres etc.).<\/p>\n<p>Les conditions g\u00e9n\u00e9rales dans la version en vigueur au moment de la d\u00e9claration d&rsquo;intention s&rsquo;appliquent dans chaque cas. Les modifications et compl\u00e9ments aux pr\u00e9sentes conditions g\u00e9n\u00e9rales doivent \u00eatre effectu\u00e9s par \u00e9crit.<\/p>\n<\/div><div class=\"fusion-title title fusion-title-4 fusion-sep-none fusion-title-text fusion-title-size-four\" style=\"--awb-margin-top-small:0px;--awb-margin-right-small:0px;--awb-margin-bottom-small:20px;--awb-margin-left-small:0px;\"><h4 class=\"fusion-title-heading title-heading-left fusion-responsive-typography-calculated\" style=\"margin:0;--fontSize:28;--minFontSize:28;line-height:1.29;\">Disponibilit\u00e9<\/h4><\/div><div class=\"fusion-text fusion-text-3\"><p style=\"text-align: justify;\">taketray attache de l&rsquo;importance \u00e0 l&rsquo;indication actualis\u00e9e et pr\u00e9cise de la disponibilit\u00e9 et des d\u00e9lais de livraison dans la boutique en ligne. Toutefois, des retards peuvent survenir en raison de goulots d&rsquo;\u00e9tranglement dans la production ou la livraison. Toutes les informations sur la disponibilit\u00e9 et les d\u00e9lais de livraison sont donc sans garantie et peuvent changer \u00e0 tout moment.<\/p>\n<\/div><div class=\"fusion-title title fusion-title-5 fusion-sep-none fusion-title-text fusion-title-size-four\" style=\"--awb-margin-top-small:0px;--awb-margin-right-small:0px;--awb-margin-bottom-small:20px;--awb-margin-left-small:0px;\"><h4 class=\"fusion-title-heading title-heading-left fusion-responsive-typography-calculated\" style=\"margin:0;--fontSize:28;--minFontSize:28;line-height:1.29;\">Prix<\/h4><\/div><div class=\"fusion-text fusion-text-4\"><p style=\"text-align: justify;\">Les prix indiqu\u00e9s ou communiqu\u00e9s au moment de la commande sont applicables. Les prix pour les clients professionnels (B2B) sont des prix nets. Les prix communiqu\u00e9s pour les clients finaux (B2C) incluent la taxe sur la valeur ajout\u00e9e suisse en vigueur au moment de la conclusion du contrat. Les frais de livraison et d&rsquo;exp\u00e9dition suppl\u00e9mentaires sont indiqu\u00e9s s\u00e9par\u00e9ment dans le processus de commande correspondant. Les co\u00fbts d&#8217;emballage sont inclus dans les frais d&rsquo;exp\u00e9dition pour les livraisons de marchandises. Un suppl\u00e9ment peut \u00eatre per\u00e7u pour les commandes de petites quantit\u00e9s. Ces frais sont indiqu\u00e9s en cons\u00e9quence dans le processus de commande.<\/p>\n<\/div><div class=\"fusion-title title fusion-title-6 fusion-sep-none fusion-title-text fusion-title-size-four\" style=\"--awb-margin-top-small:0px;--awb-margin-right-small:0px;--awb-margin-bottom-small:20px;--awb-margin-left-small:0px;\"><h4 class=\"fusion-title-heading title-heading-left fusion-responsive-typography-calculated\" style=\"margin:0;--fontSize:28;--minFontSize:28;line-height:1.29;\">Exp\u00e9dition<\/h4><\/div><div class=\"fusion-text fusion-text-5\"><p>Les marchandises sont livr\u00e9es \u00e0 l&rsquo;adresse de livraison indiqu\u00e9e par le client. Les conditions et les co\u00fbts de livraison d\u00e9finis dans la commande sont applicables. Les d\u00e9tails de la livraison, y compris le num\u00e9ro de suivi \u00e9ventuel, figurent dans la confirmation de la commande ou la confirmation d&rsquo;exp\u00e9dition. En r\u00e8gle g\u00e9n\u00e9rale, les commandes sont livr\u00e9es dans leur int\u00e9gralit\u00e9 dans un d\u00e9lai de 3 \u00e0 5 jours ouvrables. Des retards de livraison sont possibles en fonction du niveau des stocks. En cas de d\u00e9lais plus longs, taketray s&rsquo;efforcera d&rsquo;informer le client concern\u00e9.<\/p>\n<p>taketray n&rsquo;est pas responsable des mauvaises livraisons dues \u00e0 une adresse de livraison incompl\u00e8te et\/ou erron\u00e9e. Le client est tenu de v\u00e9rifier l&rsquo;exactitude des informations lors de la commande et supporte les frais suppl\u00e9mentaires pour les livraisons erron\u00e9es.<\/p>\n<\/div><div class=\"fusion-title title fusion-title-7 fusion-sep-none fusion-title-text fusion-title-size-four\" style=\"--awb-margin-top-small:0px;--awb-margin-right-small:0px;--awb-margin-bottom-small:20px;--awb-margin-left-small:0px;\"><h4 class=\"fusion-title-heading title-heading-left fusion-responsive-typography-calculated\" style=\"margin:0;--fontSize:28;--minFontSize:28;line-height:1.29;\">Marchandises endommag\u00e9es<\/h4><\/div><div class=\"fusion-text fusion-text-6\"><p style=\"text-align: justify;\">Toutes les livraisons sont correctement emball\u00e9es pour l&rsquo;exp\u00e9dition. taketray d\u00e9cline toute responsabilit\u00e9 pour les dommages survenant pendant le transport. Sauf circonstances ou accords particuliers justifiant une exception, le b\u00e9n\u00e9fice et le risque des marchandises passent au client avec la conclusion du contrat. Si le client d\u00e9couvre des dommages \u00e0 l&#8217;emballage ou au contenu, il est de sa responsabilit\u00e9 d&rsquo;en informer imm\u00e9diatement le service de livraison. Cela peut se faire directement aupr\u00e8s du personnel de livraison ou via la hotline du service de livraison pour les rapports de dommages. Toutes les r\u00e9clamations pour dommages doivent \u00eatre faites aupr\u00e8s du service de livraison. taketray ne fera pas de rapports de dommages et de r\u00e9clamations au nom du client aupr\u00e8s du service de livraison.<\/p>\n<\/div><div class=\"fusion-title title fusion-title-8 fusion-sep-none fusion-title-text fusion-title-size-four\" style=\"--awb-margin-top-small:0px;--awb-margin-right-small:0px;--awb-margin-bottom-small:20px;--awb-margin-left-small:0px;\"><h4 class=\"fusion-title-heading title-heading-left fusion-responsive-typography-calculated\" style=\"margin:0;--fontSize:28;--minFontSize:28;line-height:1.29;\">Livraison d&rsquo;articles erron\u00e9s ou incomplets<\/h4><\/div><div class=\"fusion-text fusion-text-7\"><p style=\"text-align: justify;\">Si taketray envoie au client des marchandises qu&rsquo;il n&rsquo;a pas command\u00e9es, le client doit en informer taketray dans les 5 jours. Dans ce cas, taketray organisera une collecte du colis \u00e0 ses propres frais ou enverra au client un avis de retour. Si la livraison est incompl\u00e8te (sauf pour les livraisons partielles), le client doit \u00e9galement en informer taketray dans les 5 jours.<\/p>\n<\/div><div class=\"fusion-title title fusion-title-9 fusion-sep-none fusion-title-text fusion-title-size-four\" style=\"--awb-margin-top-small:0px;--awb-margin-right-small:0px;--awb-margin-bottom-small:20px;--awb-margin-left-small:0px;\"><h4 class=\"fusion-title-heading title-heading-left fusion-responsive-typography-calculated\" style=\"margin:0;--fontSize:28;--minFontSize:28;line-height:1.29;\">Modification de la commande ou annulation<\/h4><\/div><div class=\"fusion-text fusion-text-8\"><p style=\"text-align: justify;\">Les modifications ou annulations ult\u00e9rieures peuvent \u00eatre accept\u00e9es par taketray \u00e0 sa discr\u00e9tion et le client devra payer une compensation allant jusqu&rsquo;\u00e0 20% de la valeur des biens annul\u00e9s. Les frais d&rsquo;exp\u00e9dition suppl\u00e9mentaires sont \u00e0 la charge du client.<\/p>\n<\/div><div class=\"fusion-title title fusion-title-10 fusion-sep-none fusion-title-text fusion-title-size-four\" style=\"--awb-margin-top-small:0px;--awb-margin-right-small:0px;--awb-margin-bottom-small:20px;--awb-margin-left-small:0px;\"><h4 class=\"fusion-title-heading title-heading-left fusion-responsive-typography-calculated\" style=\"margin:0;--fontSize:28;--minFontSize:28;line-height:1.29;\">Conditions de paiement<\/h4><\/div><div class=\"fusion-text fusion-text-9\"><p style=\"text-align: justify;\">Sauf accord contraire, le paiement du prix d&rsquo;achat est d\u00fb imm\u00e9diatement \u00e0 la commande. Les options de paiement propos\u00e9es comme moyens de paiement dans la boutique en ligne lors du checkout sont \u00e0 la disposition des clients. taketray peut exclure certains moyens de paiement en g\u00e9n\u00e9ral ou pour certains clients sans autre justification. taketray a le droit de pr\u00e9lever des suppl\u00e9ments sur certains moyens de paiement et de se renseigner sur la solvabilit\u00e9 du client et peut transmettre les donn\u00e9es du client \u00e0 des tiers \u00e0 cette fin. Sauf indication contraire explicite, les paiements doivent \u00eatre effectu\u00e9s en francs suisses.<\/p>\n<\/div><div class=\"fusion-title title fusion-title-11 fusion-sep-none fusion-title-text fusion-title-size-four\" style=\"--awb-margin-top-small:0px;--awb-margin-right-small:0px;--awb-margin-bottom-small:20px;--awb-margin-left-small:0px;\"><h4 class=\"fusion-title-heading title-heading-left fusion-responsive-typography-calculated\" style=\"margin:0;--fontSize:28;--minFontSize:28;line-height:1.29;\">Conservation du titre<\/h4><\/div><div class=\"fusion-text fusion-text-10\"><p style=\"text-align: justify;\">Les marchandises command\u00e9es restent la propri\u00e9t\u00e9 de la soci\u00e9t\u00e9 taketray GmbH jusqu&rsquo;\u00e0 leur paiement int\u00e9gral \u00e0 taketray. taketray est en droit de proc\u00e9der \u00e0 une inscription correspondante dans le registre des r\u00e9serves de propri\u00e9t\u00e9.<\/p>\n<\/div><div class=\"fusion-title title fusion-title-12 fusion-sep-none fusion-title-text fusion-title-size-four\" style=\"--awb-margin-top-small:0px;--awb-margin-right-small:0px;--awb-margin-bottom-small:20px;--awb-margin-left-small:0px;\"><h4 class=\"fusion-title-heading title-heading-left fusion-responsive-typography-calculated\" style=\"margin:0;--fontSize:28;--minFontSize:28;line-height:1.29;\">R\u00e9vocation<\/h4><\/div><div class=\"fusion-text fusion-text-11\"><p style=\"text-align: justify;\">Le client a le droit de r\u00e9voquer le contrat dans les quatorze jours sans donner de raisons. Le d\u00e9lai de r\u00e9vocation court \u00e0 compter de la r\u00e9ception de la marchandise ou de la premi\u00e8re livraison partielle. Le client informe taketray \u00e0 l&rsquo;avance et est par la suite responsable du retour. Pour un remboursement int\u00e9gral du prix des produits, il faut que les marchandises soient retourn\u00e9es par courrier recommand\u00e9, compl\u00e8tes et non utilis\u00e9es, dans leur \u00e9tat d&rsquo;origine, intactes et sans dommage, dans l&#8217;emballage de vente original. Une \u00e9ventuelle r\u00e9duction de la valeur des marchandises par le client sera d\u00e9termin\u00e9e par taketray, \u00e9valu\u00e9e et compens\u00e9e par le prix d&rsquo;achat ou factur\u00e9e au client. En cas de r\u00e9vocation, le client supportera en tout \u00e9tat de cause les frais d&rsquo;exp\u00e9dition de la commande.<\/p>\n<\/div><div class=\"fusion-title title fusion-title-13 fusion-sep-none fusion-title-text fusion-title-size-four\" style=\"--awb-margin-top-small:0px;--awb-margin-right-small:0px;--awb-margin-bottom-small:20px;--awb-margin-left-small:0px;\"><h4 class=\"fusion-title-heading title-heading-left fusion-responsive-typography-calculated\" style=\"margin:0;--fontSize:28;--minFontSize:28;line-height:1.29;\">Retourne \u00e0<\/h4><\/div><div class=\"fusion-text fusion-text-12\"><p style=\"text-align: justify;\">Tout type de retour doit \u00eatre notifi\u00e9 \u00e0 l&rsquo;avance \u00e0 taketray par t\u00e9l\u00e9phone ou par e-mail. Les frais d&#8217;emballage ad\u00e9quat ainsi que les frais de retour sont \u00e0 la charge du client. Le risque de transport est support\u00e9 par l&rsquo;acheteur. D\u00e8s que taketray aura re\u00e7u et v\u00e9rifi\u00e9 le retour, le client recevra une confirmation par e-mail. Le remboursement (partiel) sera effectu\u00e9 dans les 14 jours suivant cette confirmation.<\/p>\n<\/div><div class=\"fusion-title title fusion-title-14 fusion-sep-none fusion-title-text fusion-title-size-four\" style=\"--awb-margin-top-small:0px;--awb-margin-right-small:0px;--awb-margin-bottom-small:20px;--awb-margin-left-small:0px;\"><h4 class=\"fusion-title-heading title-heading-left fusion-responsive-typography-calculated\" style=\"margin:0;--fontSize:28;--minFontSize:28;line-height:1.29;\">Remboursements<\/h4><\/div><div class=\"fusion-text fusion-text-13\"><p style=\"text-align: justify;\">Pour les \u00e9ventuels remboursements, taketray essaiera par d\u00e9faut d&rsquo;utiliser le canal de paiement utilis\u00e9 par le client lors de la transaction initiale, sauf accord expr\u00e8s et \u00e9crit avec le client. Si un remboursement n&rsquo;est pas possible de cette mani\u00e8re, taketray peut utiliser un autre canal de paiement. Le client est responsable de fournir des donn\u00e9es de paiement valides pour un remboursement sur demande. taketray n&rsquo;est pas responsable si les remboursements ne parviennent pas au client en raison de donn\u00e9es incorrectes. Il est du devoir du client d&rsquo;informer rapidement taketray si un remboursement n&rsquo;a pas \u00e9t\u00e9 re\u00e7u. En cas de remboursement incorrect d\u00fb \u00e0 des donn\u00e9es de paiement fournies de mani\u00e8re erron\u00e9e, le client peut se voir facturer des frais de traitement.<\/p>\n<\/div><div class=\"fusion-title title fusion-title-15 fusion-sep-none fusion-title-text fusion-title-size-four\" style=\"--awb-margin-top-small:0px;--awb-margin-right-small:0px;--awb-margin-bottom-small:20px;--awb-margin-left-small:0px;\"><h4 class=\"fusion-title-heading title-heading-left fusion-responsive-typography-calculated\" style=\"margin:0;--fontSize:28;--minFontSize:28;line-height:1.29;\">Garantie<\/h4><\/div><div class=\"fusion-text fusion-text-14\"><p style=\"text-align: justify;\">taketray accorde une garantie d&rsquo;un an sur les articles vendus, \u00e0 condition que les produits ne soient pas devenus d\u00e9fectueux suite \u00e0 une mauvaise utilisation ou \u00e0 l&rsquo;usure naturelle. La responsabilit\u00e9 de taketray pour sa propre faute, ainsi que celle de nos repr\u00e9sentants et agents d&rsquo;ex\u00e9cution, est limit\u00e9e \u00e0 l&rsquo;intention et \u00e0 la n\u00e9gligence grave.<\/p>\n<\/div><div class=\"fusion-title title fusion-title-16 fusion-sep-none fusion-title-text fusion-title-size-four\" style=\"--awb-margin-top-small:0px;--awb-margin-right-small:0px;--awb-margin-bottom-small:20px;--awb-margin-left-small:0px;\"><h4 class=\"fusion-title-heading title-heading-left fusion-responsive-typography-calculated\" style=\"margin:0;--fontSize:28;--minFontSize:28;line-height:1.29;\">Droit applicable et lieu de juridiction<\/h4><\/div><div class=\"fusion-text fusion-text-15\"><p style=\"text-align: justify;\">Toutes nos op\u00e9rations de vente sont exclusivement soumises au droit suisse. Le lieu d&rsquo;ex\u00e9cution de toutes les obligations d\u00e9coulant du pr\u00e9sent contrat est le lieu du si\u00e8ge social de taketray. Le lieu de juridiction est Zurich. Sauf convention contraire expresse et \u00e9crite, les dispositions l\u00e9gales applicables en droit suisse ainsi que les pr\u00e9sentes conditions g\u00e9n\u00e9rales s&rsquo;appliquent.<\/p>\n<\/div><div class=\"fusion-text fusion-text-16\"><p>La version allemande des pr\u00e9sentes conditions g\u00e9n\u00e9rales fait foi en cas de doute.<\/p>\n<p>Zurich, 22.07.2021<\/p>\n<\/div><\/div><\/div><\/div><\/div>\n","protected":false},"excerpt":{"rendered":"","protected":false},"author":1,"featured_media":0,"parent":0,"menu_order":0,"comment_status":"closed","ping_status":"closed","template":"","meta":{"_monsterinsights_skip_tracking":false,"_monsterinsights_sitenote_active":false,"_monsterinsights_sitenote_note":"","_monsterinsights_sitenote_category":0,"ngg_post_thumbnail":0,"footnotes":""},"class_list":["post-3052","page","type-page","status-publish","hentry"],"yoast_head":"<!-- This site is optimized with the Yoast SEO plugin v27.4 - https:\/\/yoast.com\/product\/yoast-seo-wordpress\/ -->\n<title>Conditions g\u00e9n\u00e9rales - taketray<\/title>\n<meta name=\"robots\" content=\"index, follow, max-snippet:-1, max-image-preview:large, max-video-preview:-1\" \/>\n<link rel=\"canonical\" href=\"https:\/\/www.taketray.ch\/fr\/conditions-generales\/\" \/>\n<meta property=\"og:locale\" content=\"fr_FR\" \/>\n<meta property=\"og:type\" content=\"article\" \/>\n<meta property=\"og:title\" content=\"Conditions g\u00e9n\u00e9rales - taketray\" \/>\n<meta property=\"og:url\" content=\"https:\/\/www.taketray.ch\/fr\/conditions-generales\/\" \/>\n<meta property=\"og:site_name\" content=\"taketray\" \/>\n<meta property=\"article:modified_time\" content=\"2021-08-12T07:21:26+00:00\" \/>\n<meta name=\"twitter:card\" content=\"summary_large_image\" \/>\n<meta name=\"twitter:label1\" content=\"Dur\u00e9e de lecture estim\u00e9e\" \/>\n\t<meta name=\"twitter:data1\" content=\"10 minutes\" \/>\n<script type=\"application\/ld+json\" class=\"yoast-schema-graph\">{\"@context\":\"https:\\\/\\\/schema.org\",\"@graph\":[{\"@type\":\"WebPage\",\"@id\":\"https:\\\/\\\/www.taketray.ch\\\/fr\\\/conditions-generales\\\/\",\"url\":\"https:\\\/\\\/www.taketray.ch\\\/fr\\\/conditions-generales\\\/\",\"name\":\"Conditions g\u00e9n\u00e9rales - taketray\",\"isPartOf\":{\"@id\":\"https:\\\/\\\/www.taketray.ch\\\/fr\\\/#website\"},\"datePublished\":\"2021-07-22T07:30:53+00:00\",\"dateModified\":\"2021-08-12T07:21:26+00:00\",\"breadcrumb\":{\"@id\":\"https:\\\/\\\/www.taketray.ch\\\/fr\\\/conditions-generales\\\/#breadcrumb\"},\"inLanguage\":\"fr-FR\",\"potentialAction\":[{\"@type\":\"ReadAction\",\"target\":[\"https:\\\/\\\/www.taketray.ch\\\/fr\\\/conditions-generales\\\/\"]}]},{\"@type\":\"BreadcrumbList\",\"@id\":\"https:\\\/\\\/www.taketray.ch\\\/fr\\\/conditions-generales\\\/#breadcrumb\",\"itemListElement\":[{\"@type\":\"ListItem\",\"position\":1,\"name\":\"Home\",\"item\":\"https:\\\/\\\/www.taketray.ch\\\/fr\\\/\"},{\"@type\":\"ListItem\",\"position\":2,\"name\":\"Conditions g\u00e9n\u00e9rales\"}]},{\"@type\":\"WebSite\",\"@id\":\"https:\\\/\\\/www.taketray.ch\\\/fr\\\/#website\",\"url\":\"https:\\\/\\\/www.taketray.ch\\\/fr\\\/\",\"name\":\"taketray\",\"description\":\"der portable Aschenbecher\",\"publisher\":{\"@id\":\"https:\\\/\\\/www.taketray.ch\\\/fr\\\/#organization\"},\"potentialAction\":[{\"@type\":\"SearchAction\",\"target\":{\"@type\":\"EntryPoint\",\"urlTemplate\":\"https:\\\/\\\/www.taketray.ch\\\/fr\\\/?s={search_term_string}\"},\"query-input\":{\"@type\":\"PropertyValueSpecification\",\"valueRequired\":true,\"valueName\":\"search_term_string\"}}],\"inLanguage\":\"fr-FR\"},{\"@type\":\"Organization\",\"@id\":\"https:\\\/\\\/www.taketray.ch\\\/fr\\\/#organization\",\"name\":\"taketray GmbH\",\"url\":\"https:\\\/\\\/www.taketray.ch\\\/fr\\\/\",\"logo\":{\"@type\":\"ImageObject\",\"inLanguage\":\"fr-FR\",\"@id\":\"https:\\\/\\\/www.taketray.ch\\\/fr\\\/#\\\/schema\\\/logo\\\/image\\\/\",\"url\":\"https:\\\/\\\/www.taketray.ch\\\/wp-content\\\/uploads\\\/2020\\\/09\\\/logo.gif\",\"contentUrl\":\"https:\\\/\\\/www.taketray.ch\\\/wp-content\\\/uploads\\\/2020\\\/09\\\/logo.gif\",\"width\":200,\"height\":59,\"caption\":\"taketray GmbH\"},\"image\":{\"@id\":\"https:\\\/\\\/www.taketray.ch\\\/fr\\\/#\\\/schema\\\/logo\\\/image\\\/\"}}]}<\/script>\n<!-- \/ Yoast SEO plugin. -->","yoast_head_json":{"title":"Conditions g\u00e9n\u00e9rales - taketray","robots":{"index":"index","follow":"follow","max-snippet":"max-snippet:-1","max-image-preview":"max-image-preview:large","max-video-preview":"max-video-preview:-1"},"canonical":"https:\/\/www.taketray.ch\/fr\/conditions-generales\/","og_locale":"fr_FR","og_type":"article","og_title":"Conditions g\u00e9n\u00e9rales - taketray","og_url":"https:\/\/www.taketray.ch\/fr\/conditions-generales\/","og_site_name":"taketray","article_modified_time":"2021-08-12T07:21:26+00:00","twitter_card":"summary_large_image","twitter_misc":{"Dur\u00e9e de lecture estim\u00e9e":"10 minutes"},"schema":{"@context":"https:\/\/schema.org","@graph":[{"@type":"WebPage","@id":"https:\/\/www.taketray.ch\/fr\/conditions-generales\/","url":"https:\/\/www.taketray.ch\/fr\/conditions-generales\/","name":"Conditions g\u00e9n\u00e9rales - taketray","isPartOf":{"@id":"https:\/\/www.taketray.ch\/fr\/#website"},"datePublished":"2021-07-22T07:30:53+00:00","dateModified":"2021-08-12T07:21:26+00:00","breadcrumb":{"@id":"https:\/\/www.taketray.ch\/fr\/conditions-generales\/#breadcrumb"},"inLanguage":"fr-FR","potentialAction":[{"@type":"ReadAction","target":["https:\/\/www.taketray.ch\/fr\/conditions-generales\/"]}]},{"@type":"BreadcrumbList","@id":"https:\/\/www.taketray.ch\/fr\/conditions-generales\/#breadcrumb","itemListElement":[{"@type":"ListItem","position":1,"name":"Home","item":"https:\/\/www.taketray.ch\/fr\/"},{"@type":"ListItem","position":2,"name":"Conditions g\u00e9n\u00e9rales"}]},{"@type":"WebSite","@id":"https:\/\/www.taketray.ch\/fr\/#website","url":"https:\/\/www.taketray.ch\/fr\/","name":"taketray","description":"der portable Aschenbecher","publisher":{"@id":"https:\/\/www.taketray.ch\/fr\/#organization"},"potentialAction":[{"@type":"SearchAction","target":{"@type":"EntryPoint","urlTemplate":"https:\/\/www.taketray.ch\/fr\/?s={search_term_string}"},"query-input":{"@type":"PropertyValueSpecification","valueRequired":true,"valueName":"search_term_string"}}],"inLanguage":"fr-FR"},{"@type":"Organization","@id":"https:\/\/www.taketray.ch\/fr\/#organization","name":"taketray GmbH","url":"https:\/\/www.taketray.ch\/fr\/","logo":{"@type":"ImageObject","inLanguage":"fr-FR","@id":"https:\/\/www.taketray.ch\/fr\/#\/schema\/logo\/image\/","url":"https:\/\/www.taketray.ch\/wp-content\/uploads\/2020\/09\/logo.gif","contentUrl":"https:\/\/www.taketray.ch\/wp-content\/uploads\/2020\/09\/logo.gif","width":200,"height":59,"caption":"taketray GmbH"},"image":{"@id":"https:\/\/www.taketray.ch\/fr\/#\/schema\/logo\/image\/"}}]}},"_links":{"self":[{"href":"https:\/\/www.taketray.ch\/fr\/wp-json\/wp\/v2\/pages\/3052","targetHints":{"allow":["GET"]}}],"collection":[{"href":"https:\/\/www.taketray.ch\/fr\/wp-json\/wp\/v2\/pages"}],"about":[{"href":"https:\/\/www.taketray.ch\/fr\/wp-json\/wp\/v2\/types\/page"}],"author":[{"embeddable":true,"href":"https:\/\/www.taketray.ch\/fr\/wp-json\/wp\/v2\/users\/1"}],"replies":[{"embeddable":true,"href":"https:\/\/www.taketray.ch\/fr\/wp-json\/wp\/v2\/comments?post=3052"}],"version-history":[{"count":6,"href":"https:\/\/www.taketray.ch\/fr\/wp-json\/wp\/v2\/pages\/3052\/revisions"}],"predecessor-version":[{"id":3238,"href":"https:\/\/www.taketray.ch\/fr\/wp-json\/wp\/v2\/pages\/3052\/revisions\/3238"}],"wp:attachment":[{"href":"https:\/\/www.taketray.ch\/fr\/wp-json\/wp\/v2\/media?parent=3052"}],"curies":[{"name":"wp","href":"https:\/\/api.w.org\/{rel}","templated":true}]}}