{"id":3508,"date":"2022-02-22T13:26:55","date_gmt":"2022-02-22T12:26:55","guid":{"rendered":"https:\/\/www.taketray.ch\/?page_id=3508"},"modified":"2022-02-22T13:26:55","modified_gmt":"2022-02-22T12:26:55","slug":"agb","status":"publish","type":"page","link":"https:\/\/www.taketray.ch\/it\/agb\/","title":{"rendered":"AGB"},"content":{"rendered":"<div class=\"fusion-fullwidth fullwidth-box fusion-builder-row-1 fusion-flex-container nonhundred-percent-fullwidth non-hundred-percent-height-scrolling\" style=\"--awb-border-radius-top-left:0px;--awb-border-radius-top-right:0px;--awb-border-radius-bottom-right:0px;--awb-border-radius-bottom-left:0px;--awb-flex-wrap:wrap;\" ><div class=\"fusion-builder-row fusion-row fusion-flex-align-items-flex-start fusion-flex-content-wrap\" style=\"max-width:1216.8px;margin-left: calc(-4% \/ 2 );margin-right: calc(-4% \/ 2 );\"><div class=\"fusion-layout-column fusion_builder_column fusion-builder-column-0 fusion_builder_column_1_1 1_1 fusion-flex-column\" style=\"--awb-bg-size:cover;--awb-width-large:100%;--awb-margin-top-large:0px;--awb-spacing-right-large:1.92%;--awb-margin-bottom-large:0px;--awb-spacing-left-large:1.92%;--awb-width-medium:100%;--awb-spacing-right-medium:1.92%;--awb-spacing-left-medium:1.92%;--awb-width-small:100%;--awb-spacing-right-small:1.92%;--awb-spacing-left-small:1.92%;\"><div class=\"fusion-column-wrapper fusion-flex-justify-content-flex-start fusion-content-layout-column\"><div class=\"fusion-title title fusion-title-1 sep-underline sep-solid fusion-title-text fusion-title-size-one\" style=\"--awb-margin-top-small:0px;--awb-margin-right-small:0px;--awb-margin-bottom-small:20px;--awb-margin-left-small:0px;\"><h1 class=\"fusion-title-heading title-heading-left fusion-responsive-typography-calculated\" style=\"margin:0;--fontSize:56;line-height:1.16;\">Condizioni generali<\/h1><\/div><div class=\"fusion-title title fusion-title-2 fusion-sep-none fusion-title-text fusion-title-size-four\" style=\"--awb-margin-top-small:0px;--awb-margin-right-small:0px;--awb-margin-bottom-small:20px;--awb-margin-left-small:0px;\"><h4 class=\"fusion-title-heading title-heading-left fusion-responsive-typography-calculated\" style=\"margin:0;--fontSize:28;--minFontSize:28;line-height:1.29;\">Ambito di validit\u00e0<\/h4><\/div><div class=\"fusion-text fusion-text-1\" style=\"--awb-text-transform:none;\"><p>I presenti termini e condizioni di taketray GmbH (di seguito &#8220;taketray&#8221;) si applicano a tutti i contratti che un consumatore o un imprenditore (di seguito &#8220;cliente&#8221; &#8211; ai fini dei presenti termini e condizioni generali, per imprenditore si intende qualsiasi persona fisica o giuridica che, nel concludere un negozio giuridico, agisce nell&#8217;esercizio della propria attivit\u00e0 commerciale indipendente) conclude con taketray in relazione ai beni e\/o servizi da noi offerti. L&#8217;inclusione di termini e condizioni proprie del cliente \u00e8 esclusa, a meno che non sia stato espressamente concordato diversamente per iscritto. taketray si riserva il diritto di adattare i termini e le condizioni generali in qualsiasi momento e senza preavviso.<\/p>\n<\/div><div class=\"fusion-title title fusion-title-3 fusion-sep-none fusion-title-text fusion-title-size-four\" style=\"--awb-margin-top-small:0px;--awb-margin-right-small:0px;--awb-margin-bottom-small:20px;--awb-margin-left-small:0px;\"><h4 class=\"fusion-title-heading title-heading-left fusion-responsive-typography-calculated\" style=\"margin:0;--fontSize:28;--minFontSize:28;line-height:1.29;\">Conclusione di un contratto<\/h4><\/div><div class=\"fusion-text fusion-text-2\" style=\"--awb-text-transform:none;\"><p>Una transazione contrattuale tra taketray e il cliente pu\u00f2 essere avviata tramite il negozio online su www.taketray.ch, per telefono, via e-mail o sul posto. In ogni caso, il cliente esprime con il suo ordine un&#8217;intenzione di acquisto, che pu\u00f2 essere accettata da taketray. Se possibile, taketray invia al cliente una conferma di ricezione dell&#8217;ordine, che non \u00e8 da equiparare all&#8217;accettazione vincolante dell&#8217;offerta del cliente. Con la spedizione (parziale) dei prodotti ordinati taketray accetta l&#8217;offerta di acquisto e la transazione giuridica \u00e8 conclusa.<\/p>\n<p style=\"text-align: justify;\">Se l&#8217;articolo ordinato dal cliente non \u00e8 disponibile, taketray si astiene da una dichiarazione di accettazione. In questo caso la transazione contrattuale non si concretizza. taketray ne informa il cliente e il corrispettivo gi\u00e0 ricevuto viene rimborsato.<\/p>\n<p style=\"text-align: justify;\">L&#8217;elaborazione degli ordini e il contatto sono principalmente automatizzati e avvengono via e-mail. Il cliente deve assicurarsi che l&#8217;indirizzo e-mail da lui fornito durante il processo di ordinazione sia corretto e che le e-mail inviate dal venditore possano essere ricevute a questo indirizzo (filtro antispam, occupazione della casella di posta elettronica, ecc.).<\/p>\n<p style=\"text-align: justify;\">In ogni caso si applicano le condizioni generali nella versione valida al momento della dichiarazione d&#8217;intenti. Le modifiche e il completamento delle presenti Condizioni Generali devono essere fatte per iscritto.<\/p>\n<\/div><div class=\"fusion-title title fusion-title-4 fusion-sep-none fusion-title-text fusion-title-size-four\" style=\"--awb-margin-top-small:0px;--awb-margin-right-small:0px;--awb-margin-bottom-small:20px;--awb-margin-left-small:0px;\"><h4 class=\"fusion-title-heading title-heading-left fusion-responsive-typography-calculated\" style=\"margin:0;--fontSize:28;--minFontSize:28;line-height:1.29;\">Disponibilit\u00e0<\/h4><\/div><div class=\"fusion-text fusion-text-3\" style=\"--awb-text-transform:none;\"><p style=\"text-align: justify;\">taketray si impegna a indicare disponibilit\u00e0 e tempi di consegna aggiornati e precisi nel negozio online. Tuttavia, possono verificarsi ritardi dovuti a colli di bottiglia nella produzione o nella consegna. Tutte le informazioni sulla disponibilit\u00e0 e i tempi di consegna sono quindi senza garanzia e possono cambiare in qualsiasi momento.<\/p>\n<\/div><div class=\"fusion-title title fusion-title-5 fusion-sep-none fusion-title-text fusion-title-size-four\" style=\"--awb-margin-top-small:0px;--awb-margin-right-small:0px;--awb-margin-bottom-small:20px;--awb-margin-left-small:0px;\"><h4 class=\"fusion-title-heading title-heading-left fusion-responsive-typography-calculated\" style=\"margin:0;--fontSize:28;--minFontSize:28;line-height:1.29;\">Prezzi<\/h4><\/div><div class=\"fusion-text fusion-text-4\" style=\"--awb-text-transform:none;\"><p>Si applicano i prezzi elencati o comunicati al momento dell&#8217;ordine. I prezzi per i clienti commerciali (B2B) sono prezzi netti. I prezzi comunicati per i clienti finali (B2C) comprendono l&#8217;imposta svizzera sul valore aggiunto in vigore al momento della conclusione del contratto. I costi aggiuntivi di consegna e spedizione sono indicati separatamente nel rispettivo processo di ordinazione. I costi per l&#8217;imballaggio sono inclusi nelle spese di spedizione per le consegne di merci. Un supplemento pu\u00f2 essere applicato per ordini di piccole quantit\u00e0. Questo addebito viene mostrato di conseguenza nel processo dell&#8217;ordine.<\/p>\n<\/div><div class=\"fusion-title title fusion-title-6 fusion-sep-none fusion-title-text fusion-title-size-four\" style=\"--awb-margin-top-small:0px;--awb-margin-right-small:0px;--awb-margin-bottom-small:20px;--awb-margin-left-small:0px;\"><h4 class=\"fusion-title-heading title-heading-left fusion-responsive-typography-calculated\" style=\"margin:0;--fontSize:28;--minFontSize:28;line-height:1.29;\">Spedizione<\/h4><\/div><div class=\"fusion-text fusion-text-5\" style=\"--awb-text-transform:none;\"><p>La merce sar\u00e0 consegnata all&#8217;indirizzo di consegna specificato dal cliente. Si applicano le condizioni e i costi di consegna definiti al momento dell&#8217;ordine. I dettagli della consegna, compreso l&#8217;eventuale numero di tracciamento, sono elencati nella conferma d&#8217;ordine o nella conferma di spedizione. In genere, gli ordini vengono consegnati completamente entro 3-5 giorni lavorativi. I ritardi di consegna sono possibili a seconda della giacenza di magazzino. In caso di ritardi pi\u00f9 lunghi, Taketray si preoccuper\u00e0 di informare il cliente interessato.<\/p>\n<p style=\"text-align: justify;\">\u00a0taketray non \u00e8 responsabile per consegne errate dovute a un indirizzo di consegna incompleto e\/o errato. Il cliente \u00e8 obbligato a controllare la correttezza delle informazioni al momento dell&#8217;ordine e sostiene i costi aggiuntivi per consegne errate.<\/p>\n<\/div><div class=\"fusion-title title fusion-title-7 fusion-sep-none fusion-title-text fusion-title-size-four\" style=\"--awb-margin-top-small:0px;--awb-margin-right-small:0px;--awb-margin-bottom-small:20px;--awb-margin-left-small:0px;\"><h4 class=\"fusion-title-heading title-heading-left fusion-responsive-typography-calculated\" style=\"margin:0;--fontSize:28;--minFontSize:28;line-height:1.29;\">Merce danneggiata<\/h4><\/div><div class=\"fusion-text fusion-text-6\" style=\"--awb-text-transform:none;\"><p style=\"text-align: justify;\">Tutte le consegne saranno adeguatamente imballate per la spedizione. taketray declina ogni responsabilit\u00e0 per danni occorsi durante il trasporto. A meno che circostanze o accordi speciali non giustifichino un&#8217;eccezione, con la conclusione del contratto il beneficio e il rischio dell&#8217;oggetto passano al cliente. Se il cliente scopre un danno all&#8217;imballaggio o al contenuto, \u00e8 sua responsabilit\u00e0 avvisare immediatamente il servizio di consegna. Questo pu\u00f2 essere fatto direttamente al personale di consegna o al servizio di consegna tramite la hotline di servizio per le segnalazioni di danni. Tutti i reclami per danni devono essere presentati al servizio di consegna. taketray non effettuer\u00e0 segnalazioni di danni e reclami per conto del cliente al servizio di consegna.<\/p>\n<\/div><div class=\"fusion-title title fusion-title-8 fusion-sep-none fusion-title-text fusion-title-size-four\" style=\"--awb-margin-top-small:0px;--awb-margin-right-small:0px;--awb-margin-bottom-small:20px;--awb-margin-left-small:0px;\"><h4 class=\"fusion-title-heading title-heading-left fusion-responsive-typography-calculated\" style=\"margin:0;--fontSize:28;--minFontSize:28;line-height:1.29;\">Consegna di articoli errati o incompleti<\/h4><\/div><div class=\"fusion-text fusion-text-7\" style=\"--awb-text-transform:none;\"><p style=\"text-align: justify;\">Se taketray invia al cliente della merce che non ha ordinato, il cliente deve informare taketray entro 5 giorni. In questo caso taketray organizzer\u00e0 un ritiro del pacco a proprie spese o invier\u00e0 al cliente una nota di restituzione. Se la consegna \u00e8 incompleta (ad eccezione delle consegne parziali), il cliente deve informare taketray entro 5 giorni.<\/p>\n<\/div><div class=\"fusion-title title fusion-title-9 fusion-sep-none fusion-title-text fusion-title-size-four\" style=\"--awb-margin-top-small:0px;--awb-margin-right-small:0px;--awb-margin-bottom-small:20px;--awb-margin-left-small:0px;\"><h4 class=\"fusion-title-heading title-heading-left fusion-responsive-typography-calculated\" style=\"margin:0;--fontSize:28;--minFontSize:28;line-height:1.29;\">Cambio d&#8217;ordine o cancellazione<\/h4><\/div><div class=\"fusion-text fusion-text-8\" style=\"--awb-text-transform:none;\"><p style=\"text-align: justify;\">Successive modifiche o cancellazioni possono essere accettate da taketray a sua discrezione e al cliente potr\u00e0 essere risarcito fino al 20% del valore della merce cancellata. Qualsiasi costo di spedizione aggiuntivo sar\u00e0 a carico del cliente.<\/p>\n<\/div><div class=\"fusion-title title fusion-title-10 fusion-sep-none fusion-title-text fusion-title-size-four\" style=\"--awb-margin-top-small:0px;--awb-margin-right-small:0px;--awb-margin-bottom-small:20px;--awb-margin-left-small:0px;\"><h4 class=\"fusion-title-heading title-heading-left fusion-responsive-typography-calculated\" style=\"margin:0;--fontSize:28;--minFontSize:28;line-height:1.29;\">Termini di pagamento<\/h4><\/div><div class=\"fusion-text fusion-text-9\" style=\"--awb-text-transform:none;\"><p style=\"text-align: justify;\">Se non concordato diversamente, il pagamento del prezzo di acquisto \u00e8 dovuto immediatamente con l&#8217;ordine. Il cliente dispone delle opzioni di pagamento offerte come mezzi di pagamento nel negozio online durante il checkout. taketray pu\u00f2 escludere singoli mezzi di pagamento in generale o per singoli clienti senza ulteriori giustificazioni. taketray ha il diritto di applicare sovrapprezzi su singoli mezzi di pagamento e di ottenere informazioni sulla solvibilit\u00e0 del cliente e pu\u00f2 trasmettere i dati del cliente a terzi a tale scopo. Se non esplicitamente definito diversamente, i pagamenti devono essere effettuati in franchi svizzeri.<\/p>\n<\/div><div class=\"fusion-title title fusion-title-11 fusion-sep-none fusion-title-text fusion-title-size-four\" style=\"--awb-margin-top-small:0px;--awb-margin-right-small:0px;--awb-margin-bottom-small:20px;--awb-margin-left-small:0px;\"><h4 class=\"fusion-title-heading title-heading-left fusion-responsive-typography-calculated\" style=\"margin:0;--fontSize:28;--minFontSize:28;line-height:1.29;\">Conservazione del titolo<\/h4><\/div><div class=\"fusion-text fusion-text-10\" style=\"--awb-text-transform:none;\"><p style=\"text-align: justify;\">La merce ordinata rimane di propriet\u00e0 di taketray GmbH fino al completo pagamento a taketray. taketray ha il diritto di effettuare una registrazione corrispondente nel registro della riserva di propriet\u00e0.<\/p>\n<\/div><div class=\"fusion-title title fusion-title-12 fusion-sep-none fusion-title-text fusion-title-size-four\" style=\"--awb-margin-top-small:0px;--awb-margin-right-small:0px;--awb-margin-bottom-small:20px;--awb-margin-left-small:0px;\"><h4 class=\"fusion-title-heading title-heading-left fusion-responsive-typography-calculated\" style=\"margin:0;--fontSize:28;--minFontSize:28;line-height:1.29;\">Revocazione<\/h4><\/div><div class=\"fusion-text fusion-text-11\" style=\"--awb-text-transform:none;\"><p style=\"text-align: justify;\">Il cliente ha il diritto di revocare il contratto entro quattordici giorni senza fornire alcuna ragione. Il termine di recesso decorre dal momento della ricezione della merce o della prima consegna parziale. Il cliente informa taketray in anticipo ed \u00e8 quindi responsabile della restituzione. Per un rimborso completo del prezzo dei prodotti \u00e8 necessario che la merce venga restituita completa e non utilizzata, nel suo stato originale intatto e senza danni nella confezione originale di vendita per posta raccomandata. Un&#8217;eventuale riduzione del valore della merce da parte del cliente sar\u00e0 determinata e valutata da taketray, e compensata o fatturata al cliente con il prezzo di acquisto. In caso di revoca, il cliente sosterr\u00e0 in ogni caso le spese di spedizione dell&#8217;ordine.<\/p>\n<\/div><div class=\"fusion-title title fusion-title-13 fusion-sep-none fusion-title-text fusion-title-size-four\" style=\"--awb-margin-top-small:0px;--awb-margin-right-small:0px;--awb-margin-bottom-small:20px;--awb-margin-left-small:0px;\"><h4 class=\"fusion-title-heading title-heading-left fusion-responsive-typography-calculated\" style=\"margin:0;--fontSize:28;--minFontSize:28;line-height:1.29;\">Restituzioni<\/h4><\/div><div class=\"fusion-text fusion-text-12\" style=\"--awb-text-transform:none;\"><p style=\"text-align: justify;\">Qualsiasi tipo di restituzione deve essere notificato in anticipo a taketray per telefono o e-mail. Le spese per un imballaggio adeguato e per la spedizione di ritorno saranno a carico del cliente. Il rischio di trasporto \u00e8 a carico dell&#8217;acquirente. Non appena taketray avr\u00e0 ricevuto e controllato la spedizione di ritorno, il cliente ricever\u00e0 una conferma via e-mail. Il rimborso (parziale) sar\u00e0 effettuato entro 14 giorni da questa conferma.<\/p>\n<\/div><div class=\"fusion-title title fusion-title-14 fusion-sep-none fusion-title-text fusion-title-size-four\" style=\"--awb-margin-top-small:0px;--awb-margin-right-small:0px;--awb-margin-bottom-small:20px;--awb-margin-left-small:0px;\"><h4 class=\"fusion-title-heading title-heading-left fusion-responsive-typography-calculated\" style=\"margin:0;--fontSize:28;--minFontSize:28;line-height:1.29;\">Rimborsi<\/h4><\/div><div class=\"fusion-text fusion-text-13\" style=\"--awb-text-transform:none;\"><p style=\"text-align: justify;\">Per eventuali rimborsi taketray cerca di utilizzare di default il canale di pagamento utilizzato dal cliente nella transazione originale, a meno che non sia stato espressamente concordato diversamente per iscritto con il cliente. Se il rimborso in questo modo non \u00e8 possibile, taketray pu\u00f2 utilizzare un altro canale di pagamento. Su richiesta, il cliente \u00e8 responsabile di fornire dati di pagamento validi per un rimborso. taketray non \u00e8 responsabile se i rimborsi non arrivano al cliente a causa di dati errati. \u00c8 dovere del cliente informare taketray tempestivamente se il rimborso non \u00e8 stato ricevuto. Al cliente pu\u00f2 essere addebitata una tassa di gestione in caso di rimborsi errati a causa di dati di pagamento non correttamente forniti.<\/p>\n<\/div><div class=\"fusion-title title fusion-title-15 fusion-sep-none fusion-title-text fusion-title-size-four\" style=\"--awb-margin-top-small:0px;--awb-margin-right-small:0px;--awb-margin-bottom-small:20px;--awb-margin-left-small:0px;\"><h4 class=\"fusion-title-heading title-heading-left fusion-responsive-typography-calculated\" style=\"margin:0;--fontSize:28;--minFontSize:28;line-height:1.29;\">Garanzia<\/h4><\/div><div class=\"fusion-text fusion-text-14\" style=\"--awb-text-transform:none;\"><p style=\"text-align: justify;\">taketray concede un anno di garanzia sugli articoli venduti, a condizione che i prodotti non siano diventati difettosi per uso improprio o per usura naturale. La responsabilit\u00e0 di taketray per colpa propria, cos\u00ec come quella dei nostri rappresentanti e agenti vicari \u00e8 limitata al dolo e alla colpa grave.<\/p>\n<\/div><div class=\"fusion-title title fusion-title-16 fusion-sep-none fusion-title-text fusion-title-size-four\" style=\"--awb-margin-top-small:0px;--awb-margin-right-small:0px;--awb-margin-bottom-small:20px;--awb-margin-left-small:0px;\"><h4 class=\"fusion-title-heading title-heading-left fusion-responsive-typography-calculated\" style=\"margin:0;--fontSize:28;--minFontSize:28;line-height:1.29;\">Legge applicabile e giurisdizione<\/h4><\/div><div class=\"fusion-text fusion-text-15\" style=\"--awb-text-transform:none;\"><p>Tutte le nostre transazioni di vendita sono soggette esclusivamente al diritto svizzero. Il luogo di adempimento per tutti gli obblighi derivanti dal presente contratto \u00e8 la sede legale di taketray. Il luogo di giurisdizione \u00e8 Zurigo. A meno che non sia stato espressamente concordato diversamente per iscritto, si applicano le disposizioni di legge applicabili secondo il diritto svizzero e le presenti condizioni generali.<\/p>\n<p>La versione in lingua tedesca di queste condizioni generali fa fede in caso di dubbio.<\/p>\n<p>Zurigo, 07.06.2021<\/p>\n<\/div><\/div><\/div><\/div><\/div>\n","protected":false},"excerpt":{"rendered":"","protected":false},"author":2,"featured_media":0,"parent":0,"menu_order":0,"comment_status":"closed","ping_status":"closed","template":"","meta":{"_monsterinsights_skip_tracking":false,"_monsterinsights_sitenote_active":false,"_monsterinsights_sitenote_note":"","_monsterinsights_sitenote_category":0,"ngg_post_thumbnail":0,"footnotes":""},"class_list":["post-3508","page","type-page","status-publish","hentry"],"yoast_head":"<!-- This site is optimized with the Yoast SEO plugin v27.4 - https:\/\/yoast.com\/product\/yoast-seo-wordpress\/ -->\n<title>AGB - taketray<\/title>\n<meta name=\"robots\" content=\"index, follow, max-snippet:-1, max-image-preview:large, max-video-preview:-1\" \/>\n<link rel=\"canonical\" href=\"https:\/\/www.taketray.ch\/it\/agb\/\" \/>\n<meta property=\"og:locale\" content=\"it_IT\" \/>\n<meta property=\"og:type\" content=\"article\" \/>\n<meta property=\"og:title\" content=\"AGB - taketray\" \/>\n<meta property=\"og:url\" content=\"https:\/\/www.taketray.ch\/it\/agb\/\" \/>\n<meta property=\"og:site_name\" content=\"taketray\" \/>\n<meta name=\"twitter:card\" content=\"summary_large_image\" \/>\n<meta name=\"twitter:label1\" content=\"Tempo di lettura stimato\" \/>\n\t<meta name=\"twitter:data1\" content=\"18 minuti\" \/>\n<script type=\"application\/ld+json\" class=\"yoast-schema-graph\">{\"@context\":\"https:\\\/\\\/schema.org\",\"@graph\":[{\"@type\":\"WebPage\",\"@id\":\"https:\\\/\\\/www.taketray.ch\\\/it\\\/agb\\\/\",\"url\":\"https:\\\/\\\/www.taketray.ch\\\/it\\\/agb\\\/\",\"name\":\"AGB - taketray\",\"isPartOf\":{\"@id\":\"https:\\\/\\\/www.taketray.ch\\\/it\\\/#website\"},\"datePublished\":\"2022-02-22T12:26:55+00:00\",\"breadcrumb\":{\"@id\":\"https:\\\/\\\/www.taketray.ch\\\/it\\\/agb\\\/#breadcrumb\"},\"inLanguage\":\"it-IT\",\"potentialAction\":[{\"@type\":\"ReadAction\",\"target\":[\"https:\\\/\\\/www.taketray.ch\\\/it\\\/agb\\\/\"]}]},{\"@type\":\"BreadcrumbList\",\"@id\":\"https:\\\/\\\/www.taketray.ch\\\/it\\\/agb\\\/#breadcrumb\",\"itemListElement\":[{\"@type\":\"ListItem\",\"position\":1,\"name\":\"Home\",\"item\":\"https:\\\/\\\/www.taketray.ch\\\/it\\\/\"},{\"@type\":\"ListItem\",\"position\":2,\"name\":\"AGB\"}]},{\"@type\":\"WebSite\",\"@id\":\"https:\\\/\\\/www.taketray.ch\\\/it\\\/#website\",\"url\":\"https:\\\/\\\/www.taketray.ch\\\/it\\\/\",\"name\":\"taketray\",\"description\":\"der portable Aschenbecher\",\"publisher\":{\"@id\":\"https:\\\/\\\/www.taketray.ch\\\/it\\\/#organization\"},\"potentialAction\":[{\"@type\":\"SearchAction\",\"target\":{\"@type\":\"EntryPoint\",\"urlTemplate\":\"https:\\\/\\\/www.taketray.ch\\\/it\\\/?s={search_term_string}\"},\"query-input\":{\"@type\":\"PropertyValueSpecification\",\"valueRequired\":true,\"valueName\":\"search_term_string\"}}],\"inLanguage\":\"it-IT\"},{\"@type\":\"Organization\",\"@id\":\"https:\\\/\\\/www.taketray.ch\\\/it\\\/#organization\",\"name\":\"taketray GmbH\",\"url\":\"https:\\\/\\\/www.taketray.ch\\\/it\\\/\",\"logo\":{\"@type\":\"ImageObject\",\"inLanguage\":\"it-IT\",\"@id\":\"https:\\\/\\\/www.taketray.ch\\\/it\\\/#\\\/schema\\\/logo\\\/image\\\/\",\"url\":\"https:\\\/\\\/www.taketray.ch\\\/wp-content\\\/uploads\\\/2020\\\/09\\\/logo.gif\",\"contentUrl\":\"https:\\\/\\\/www.taketray.ch\\\/wp-content\\\/uploads\\\/2020\\\/09\\\/logo.gif\",\"width\":200,\"height\":59,\"caption\":\"taketray GmbH\"},\"image\":{\"@id\":\"https:\\\/\\\/www.taketray.ch\\\/it\\\/#\\\/schema\\\/logo\\\/image\\\/\"}}]}<\/script>\n<!-- \/ Yoast SEO plugin. -->","yoast_head_json":{"title":"AGB - taketray","robots":{"index":"index","follow":"follow","max-snippet":"max-snippet:-1","max-image-preview":"max-image-preview:large","max-video-preview":"max-video-preview:-1"},"canonical":"https:\/\/www.taketray.ch\/it\/agb\/","og_locale":"it_IT","og_type":"article","og_title":"AGB - taketray","og_url":"https:\/\/www.taketray.ch\/it\/agb\/","og_site_name":"taketray","twitter_card":"summary_large_image","twitter_misc":{"Tempo di lettura stimato":"18 minuti"},"schema":{"@context":"https:\/\/schema.org","@graph":[{"@type":"WebPage","@id":"https:\/\/www.taketray.ch\/it\/agb\/","url":"https:\/\/www.taketray.ch\/it\/agb\/","name":"AGB - taketray","isPartOf":{"@id":"https:\/\/www.taketray.ch\/it\/#website"},"datePublished":"2022-02-22T12:26:55+00:00","breadcrumb":{"@id":"https:\/\/www.taketray.ch\/it\/agb\/#breadcrumb"},"inLanguage":"it-IT","potentialAction":[{"@type":"ReadAction","target":["https:\/\/www.taketray.ch\/it\/agb\/"]}]},{"@type":"BreadcrumbList","@id":"https:\/\/www.taketray.ch\/it\/agb\/#breadcrumb","itemListElement":[{"@type":"ListItem","position":1,"name":"Home","item":"https:\/\/www.taketray.ch\/it\/"},{"@type":"ListItem","position":2,"name":"AGB"}]},{"@type":"WebSite","@id":"https:\/\/www.taketray.ch\/it\/#website","url":"https:\/\/www.taketray.ch\/it\/","name":"taketray","description":"der portable Aschenbecher","publisher":{"@id":"https:\/\/www.taketray.ch\/it\/#organization"},"potentialAction":[{"@type":"SearchAction","target":{"@type":"EntryPoint","urlTemplate":"https:\/\/www.taketray.ch\/it\/?s={search_term_string}"},"query-input":{"@type":"PropertyValueSpecification","valueRequired":true,"valueName":"search_term_string"}}],"inLanguage":"it-IT"},{"@type":"Organization","@id":"https:\/\/www.taketray.ch\/it\/#organization","name":"taketray GmbH","url":"https:\/\/www.taketray.ch\/it\/","logo":{"@type":"ImageObject","inLanguage":"it-IT","@id":"https:\/\/www.taketray.ch\/it\/#\/schema\/logo\/image\/","url":"https:\/\/www.taketray.ch\/wp-content\/uploads\/2020\/09\/logo.gif","contentUrl":"https:\/\/www.taketray.ch\/wp-content\/uploads\/2020\/09\/logo.gif","width":200,"height":59,"caption":"taketray GmbH"},"image":{"@id":"https:\/\/www.taketray.ch\/it\/#\/schema\/logo\/image\/"}}]}},"_links":{"self":[{"href":"https:\/\/www.taketray.ch\/it\/wp-json\/wp\/v2\/pages\/3508","targetHints":{"allow":["GET"]}}],"collection":[{"href":"https:\/\/www.taketray.ch\/it\/wp-json\/wp\/v2\/pages"}],"about":[{"href":"https:\/\/www.taketray.ch\/it\/wp-json\/wp\/v2\/types\/page"}],"author":[{"embeddable":true,"href":"https:\/\/www.taketray.ch\/it\/wp-json\/wp\/v2\/users\/2"}],"replies":[{"embeddable":true,"href":"https:\/\/www.taketray.ch\/it\/wp-json\/wp\/v2\/comments?post=3508"}],"version-history":[{"count":5,"href":"https:\/\/www.taketray.ch\/it\/wp-json\/wp\/v2\/pages\/3508\/revisions"}],"predecessor-version":[{"id":3719,"href":"https:\/\/www.taketray.ch\/it\/wp-json\/wp\/v2\/pages\/3508\/revisions\/3719"}],"wp:attachment":[{"href":"https:\/\/www.taketray.ch\/it\/wp-json\/wp\/v2\/media?parent=3508"}],"curies":[{"name":"wp","href":"https:\/\/api.w.org\/{rel}","templated":true}]}}