{"id":9371,"date":"2025-07-17T08:55:04","date_gmt":"2025-07-17T07:55:04","guid":{"rendered":"https:\/\/www.taketray.ch\/disclaimer\/"},"modified":"2025-07-17T08:55:05","modified_gmt":"2025-07-17T07:55:05","slug":"disclaimer","status":"publish","type":"page","link":"https:\/\/www.taketray.ch\/it\/disclaimer\/","title":{"rendered":"Disclaimer"},"content":{"rendered":"<div class=\"fusion-fullwidth fullwidth-box fusion-builder-row-1 fusion-flex-container nonhundred-percent-fullwidth non-hundred-percent-height-scrolling\" style=\"--awb-border-radius-top-left:0px;--awb-border-radius-top-right:0px;--awb-border-radius-bottom-right:0px;--awb-border-radius-bottom-left:0px;--awb-flex-wrap:wrap;\" ><div class=\"fusion-builder-row fusion-row fusion-flex-align-items-flex-start fusion-flex-content-wrap\" style=\"max-width:1216.8px;margin-left: calc(-4% \/ 2 );margin-right: calc(-4% \/ 2 );\"><div class=\"fusion-layout-column fusion_builder_column fusion-builder-column-0 fusion_builder_column_1_1 1_1 fusion-flex-column\" style=\"--awb-bg-size:cover;--awb-width-large:100%;--awb-margin-top-large:0px;--awb-spacing-right-large:1.92%;--awb-margin-bottom-large:0px;--awb-spacing-left-large:1.92%;--awb-width-medium:100%;--awb-spacing-right-medium:1.92%;--awb-spacing-left-medium:1.92%;--awb-width-small:100%;--awb-spacing-right-small:1.92%;--awb-spacing-left-small:1.92%;\"><div class=\"fusion-column-wrapper fusion-flex-justify-content-flex-start fusion-content-layout-column\"><div class=\"fusion-title title fusion-title-1 sep-underline sep-solid fusion-title-text fusion-title-size-one\" style=\"--awb-margin-top-small:0px;--awb-margin-right-small:0px;--awb-margin-bottom-small:20px;--awb-margin-left-small:0px;\"><h1 class=\"fusion-title-heading title-heading-left fusion-responsive-typography-calculated\" style=\"margin:0;--fontSize:56;line-height:1.16;\">Disclaimer<\/h1><\/div><div class=\"fusion-title title fusion-title-2 fusion-sep-none fusion-title-text fusion-title-size-four\" style=\"--awb-margin-top-small:0px;--awb-margin-right-small:0px;--awb-margin-bottom-small:20px;--awb-margin-left-small:0px;\"><h4 class=\"fusion-title-heading title-heading-left fusion-responsive-typography-calculated\" style=\"margin:0;--fontSize:28;--minFontSize:28;line-height:1.29;\">Contenuto dell\u2019offerta online<\/h4><\/div><div class=\"fusion-text fusion-text-1\"><p style=\"text-align: justify;\">taketray GmbH non garantisce in alcun modo l\u2019attualit\u00e0, la correttezza, la completezza o la qualit\u00e0 delle informazioni fornite. Le richieste di responsabilit\u00e0 nei confronti di taketray GmbH, derivanti da danni materiali o immateriali causati dall\u2019utilizzo o dal mancato utilizzo delle informazioni presentate, oppure dall\u2019uso di informazioni errate o incomplete, sono escluse in linea di principio, salvo in caso di colpa grave o dolo dimostrabile da parte di taketray GmbH. Tutte le offerte sono soggette a modifiche, senza impegno. taketray GmbH si riserva espressamente il diritto di modificare, integrare, cancellare singole pagine o l\u2019intero contenuto, oppure di sospendere la pubblicazione, temporaneamente o definitivamente, senza preavviso.   <\/p>\n<\/div><div class=\"fusion-title title fusion-title-3 fusion-sep-none fusion-title-text fusion-title-size-four\" style=\"--awb-margin-top-small:0px;--awb-margin-right-small:0px;--awb-margin-bottom-small:20px;--awb-margin-left-small:0px;\"><h4 class=\"fusion-title-heading title-heading-left fusion-responsive-typography-calculated\" style=\"margin:0;--fontSize:28;--minFontSize:28;line-height:1.29;\">Riferimenti e link<\/h4><\/div><div class=\"fusion-text fusion-text-2\"><p style=\"text-align: justify;\">Per link diretti o indiretti ad altri siti web (\u201clink\u201d) che si trovano al di fuori della responsabilit\u00e0 di taketray GmbH, un obbligo di responsabilit\u00e0 sussiste solo nel caso in cui taketray GmbH sia a conoscenza dei contenuti e, quanto tecnicamente possibile e ragionevolmente esigibile, non sia in grado di impedire il loro utilizzo in caso di contenuti illeciti. taketray GmbH dichiara espressamente che, al momento del link, i siti collegati erano esenti da contenuti illegali. taketray GmbH non ha alcuna influenza sulla progettazione attuale e futura n\u00e9 sui contenuti dei siti collegati tramite link. Per questo motivo, si dissocia espressamente da tutti i contenuti di tutte le pagine linkate che siano stati modificati dopo il collegamento. Questa dichiarazione vale per tutti i link e riferimenti inseriti all\u2019interno del proprio sito web e per contenuti di terzi presenti in forum o mailing list gestiti dall\u2019autore. Per contenuti illegali, errati o incompleti, e in particolare per danni derivanti dall\u2019uso o dal mancato uso di tali informazioni, \u00e8 responsabile esclusivamente il fornitore del sito cui si fa riferimento, non colui che si limita a rimandare tramite link.     <\/p>\n<\/div><div class=\"fusion-title title fusion-title-4 fusion-sep-none fusion-title-text fusion-title-size-four\" style=\"--awb-margin-top-small:0px;--awb-margin-right-small:0px;--awb-margin-bottom-small:20px;--awb-margin-left-small:0px;\"><h4 class=\"fusion-title-heading title-heading-left fusion-responsive-typography-calculated\" style=\"margin:0;--fontSize:28;--minFontSize:28;line-height:1.29;\">Diritto d\u2019autore e marchi<\/h4><\/div><div class=\"fusion-text fusion-text-3\"><p style=\"text-align: justify;\">taketray GmbH si impegna a rispettare i diritti d\u2019autore per immagini, contenuti audio, video e testi utilizzati, privilegiando materiali autoprodotti o di pubblico dominio. Tutti i marchi e i segni distintivi menzionati, eventualmente tutelati da terzi, sono soggetti alle disposizioni del diritto sui marchi in vigore e ai diritti di propriet\u00e0 dei rispettivi proprietari registrati. La semplice menzione non implica che i marchi non siano protetti da diritti di terzi. Il copyright dei materiali autoprodotti rimane esclusivamente di propriet\u00e0 degli autori. La copertura o l\u2019uso di immagini, contenuti audio, video o testi in altre pubblicazioni elettroniche o cartacee non \u00e8 consentita senza l\u2019esplicita autorizzazione di taketray GmbH.    <\/p>\n<\/div><div class=\"fusion-title title fusion-title-5 fusion-sep-none fusion-title-text fusion-title-size-four\" style=\"--awb-margin-top-small:0px;--awb-margin-right-small:0px;--awb-margin-bottom-small:20px;--awb-margin-left-small:0px;\"><h4 class=\"fusion-title-heading title-heading-left fusion-responsive-typography-calculated\" style=\"margin:0;--fontSize:28;--minFontSize:28;line-height:1.29;\">Datenschutz<\/h4><\/div><div class=\"fusion-text fusion-text-4\"><p style=\"text-align: justify;\">Se all\u2019interno del sito \u00e8 possibile inserire dati personali o aziendali (indirizzi e-mail, nomi, indirizzi), la loro trasmissione da parte dell\u2019utente avviene unicamente su base volontaria. L\u2019utilizzo e il pagamento di servizi offerti \u00e8 \u2013 ove tecnicamente possibile e ragionevolmente esigibile \u2013 consentito anche senza fornire tali dati, o fornendo dati anonimizzati o un pseudonimo. <\/p>\n<\/div><div class=\"fusion-title title fusion-title-6 fusion-sep-none fusion-title-text fusion-title-size-four\" style=\"--awb-margin-top-small:0px;--awb-margin-right-small:0px;--awb-margin-bottom-small:20px;--awb-margin-left-small:0px;\"><h4 class=\"fusion-title-heading title-heading-left fusion-responsive-typography-calculated\" style=\"margin:0;--fontSize:28;--minFontSize:28;line-height:1.29;\">Privacy \u2013 utilizzo di Google Analytics<\/h4><\/div><div class=\"fusion-text fusion-text-5\"><p style=\"text-align: justify;\">Questo sito utilizza Google Analytics, un servizio di analisi web di Google Inc. (\u201cGoogle\u201d). Google Analytics utilizza cookie, file di testo che vengono salvati sul tuo dispositivo e permettono l\u2019analisi dell\u2019utilizzo del sito da parte tua. Le informazioni generate dal cookie vengono generalmente trasferite e archiviate su server Google negli Stati Uniti. Tuttavia, se l\u2019IP anonimizzato \u00e8 attivo su questo sito, il tuo indirizzo IP viene prima ristretto all\u2019interno dell\u2019Unione Europea o di altri Stati dell\u2019Area Economica Europea.    <\/p>\n<p style=\"text-align: justify;\">Solo in casi eccezionali la piena IP viene trasferita interamente negli USA e l\u00ec abbreviata. Google utilizzer\u00e0 queste informazioni allo scopo di esaminare come usi il sito, redigere rapporti sull\u2019attivit\u00e0 del sito per i gestori e fornire altri servizi legati all\u2019uso del sito e di Internet. Google potr\u00e0 inoltre trasmettere tali informazioni a terzi, qualora ci\u00f2 sia richiesto per legge o se terzi elaborano dati per conto di Google. L\u2019IP anonimo inviato da Google Analytics non verr\u00e0 combinato con altri dati Google.   <\/p>\n<p style=\"text-align: justify;\">Puoi impedire l\u2019installazione di cookie modificando le impostazioni del tuo browser; tieni presente, per\u00f2, che in questo caso potresti non essere in grado di utilizzare tutte le funzioni del sito. Utilizzando il sito dichiari di accettare il trattamento dei dati da parte di Google secondo le modalit\u00e0 e per le finalit\u00e0 descritte. <\/p>\n<\/div><div class=\"fusion-title title fusion-title-7 fusion-sep-none fusion-title-text fusion-title-size-four\" style=\"--awb-margin-top-small:0px;--awb-margin-right-small:0px;--awb-margin-bottom-small:20px;--awb-margin-left-small:0px;\"><h4 class=\"fusion-title-heading title-heading-left fusion-responsive-typography-calculated\" style=\"margin:0;--fontSize:28;--minFontSize:28;line-height:1.29;\">Uso di Google reCAPTCHA<\/h4><\/div><div class=\"fusion-text fusion-text-6\"><p>Per proteggere il nostro sito dallo spam e dagli abusi utilizziamo il servizio Google reCAPTCHA di Google LLC (1600 Amphitheatre Parkway, Mountain View, CA 94043, USA) o, per utenti in Svizzera e nell\u2019UE, Google Ireland Limited (Gordon House, Barrow Street, Dublin 4, Irlanda).<\/p>\n<p>reCAPTCHA serve a verificare se i dati inseriti (ad esempio in un modulo di contatto) sono inviati da una persona o in modo automatizzato. Il servizio analizza il comportamento del visitatore del sito in base a vari parametri (indirizzo IP, movimenti del mouse, tempo di permanenza, siti visitati in precedenza). Questa analisi viene avviata automaticamente al momento dell\u2019accesso al sito e i dati raccolti vengono trasmessi a Google.   <\/p>\n<p>Il trattamento si basa sul nostro interesse legittimo alla sicurezza del sito e alla protezione dalle immissioni automatizzate (spam).<\/p>\n<p>Google pu\u00f2 trattare i dati negli Stati Uniti. Google \u00e8 certificata nell\u2019ambito del Data Privacy Framework, il che garantisce un livello adeguato di protezione dei dati secondo la legge svizzera. Per maggiori informazioni, consultare l\u2019informativa sulla privacy di Google: <a href=\"https:\/\/policies.google.com\/privacy\" target=\"_blank\" rel=\"noopener\">policies.google.com\/privacy<\/a> <\/p>\n<\/div><div class=\"fusion-title title fusion-title-8 fusion-sep-none fusion-title-text fusion-title-size-four\" style=\"--awb-margin-top-small:0px;--awb-margin-right-small:0px;--awb-margin-bottom-small:20px;--awb-margin-left-small:0px;\"><h4 class=\"fusion-title-heading title-heading-left fusion-responsive-typography-calculated\" style=\"margin:0;--fontSize:28;--minFontSize:28;line-height:1.29;\">Validit\u00e0 legale di questo disclaimer<\/h4><\/div><div class=\"fusion-text fusion-text-7\"><p style=\"text-align: justify;\">Questo disclaimer \u00e8 parte integrante dell\u2019offerta online da cui \u00e8 stato richiamato. Se singole sezioni o formulazioni dovessero risultare non conformi alla normativa vigente, parzialmente o interamente, ci\u00f2 non inficia la validit\u00e0 delle restanti disposizioni. <\/p>\n<\/div><\/div><\/div><\/div><\/div>\n","protected":false},"excerpt":{"rendered":"","protected":false},"author":1,"featured_media":0,"parent":0,"menu_order":0,"comment_status":"closed","ping_status":"closed","template":"","meta":{"_monsterinsights_skip_tracking":false,"_monsterinsights_sitenote_active":false,"_monsterinsights_sitenote_note":"","_monsterinsights_sitenote_category":0,"ngg_post_thumbnail":0,"footnotes":""},"class_list":["post-9371","page","type-page","status-publish","hentry"],"yoast_head":"<!-- This site is optimized with the Yoast SEO plugin v27.4 - https:\/\/yoast.com\/product\/yoast-seo-wordpress\/ -->\n<title>Disclaimer - taketray<\/title>\n<meta name=\"robots\" content=\"index, follow, max-snippet:-1, max-image-preview:large, max-video-preview:-1\" \/>\n<link rel=\"canonical\" href=\"https:\/\/www.taketray.ch\/it\/disclaimer\/\" \/>\n<meta property=\"og:locale\" content=\"it_IT\" \/>\n<meta property=\"og:type\" content=\"article\" \/>\n<meta property=\"og:title\" content=\"Disclaimer - taketray\" \/>\n<meta property=\"og:url\" content=\"https:\/\/www.taketray.ch\/it\/disclaimer\/\" \/>\n<meta property=\"og:site_name\" content=\"taketray\" \/>\n<meta property=\"article:modified_time\" content=\"2025-07-17T07:55:05+00:00\" \/>\n<meta name=\"twitter:card\" content=\"summary_large_image\" \/>\n<meta name=\"twitter:label1\" content=\"Tempo di lettura stimato\" \/>\n\t<meta name=\"twitter:data1\" content=\"13 minuti\" \/>\n<script type=\"application\/ld+json\" class=\"yoast-schema-graph\">{\"@context\":\"https:\\\/\\\/schema.org\",\"@graph\":[{\"@type\":\"WebPage\",\"@id\":\"https:\\\/\\\/www.taketray.ch\\\/it\\\/disclaimer\\\/\",\"url\":\"https:\\\/\\\/www.taketray.ch\\\/it\\\/disclaimer\\\/\",\"name\":\"Disclaimer - taketray\",\"isPartOf\":{\"@id\":\"https:\\\/\\\/www.taketray.ch\\\/it\\\/#website\"},\"datePublished\":\"2025-07-17T07:55:04+00:00\",\"dateModified\":\"2025-07-17T07:55:05+00:00\",\"breadcrumb\":{\"@id\":\"https:\\\/\\\/www.taketray.ch\\\/it\\\/disclaimer\\\/#breadcrumb\"},\"inLanguage\":\"it-IT\",\"potentialAction\":[{\"@type\":\"ReadAction\",\"target\":[\"https:\\\/\\\/www.taketray.ch\\\/it\\\/disclaimer\\\/\"]}]},{\"@type\":\"BreadcrumbList\",\"@id\":\"https:\\\/\\\/www.taketray.ch\\\/it\\\/disclaimer\\\/#breadcrumb\",\"itemListElement\":[{\"@type\":\"ListItem\",\"position\":1,\"name\":\"Home\",\"item\":\"https:\\\/\\\/www.taketray.ch\\\/it\\\/\"},{\"@type\":\"ListItem\",\"position\":2,\"name\":\"Disclaimer\"}]},{\"@type\":\"WebSite\",\"@id\":\"https:\\\/\\\/www.taketray.ch\\\/it\\\/#website\",\"url\":\"https:\\\/\\\/www.taketray.ch\\\/it\\\/\",\"name\":\"taketray\",\"description\":\"der portable Aschenbecher\",\"publisher\":{\"@id\":\"https:\\\/\\\/www.taketray.ch\\\/it\\\/#organization\"},\"potentialAction\":[{\"@type\":\"SearchAction\",\"target\":{\"@type\":\"EntryPoint\",\"urlTemplate\":\"https:\\\/\\\/www.taketray.ch\\\/it\\\/?s={search_term_string}\"},\"query-input\":{\"@type\":\"PropertyValueSpecification\",\"valueRequired\":true,\"valueName\":\"search_term_string\"}}],\"inLanguage\":\"it-IT\"},{\"@type\":\"Organization\",\"@id\":\"https:\\\/\\\/www.taketray.ch\\\/it\\\/#organization\",\"name\":\"taketray GmbH\",\"url\":\"https:\\\/\\\/www.taketray.ch\\\/it\\\/\",\"logo\":{\"@type\":\"ImageObject\",\"inLanguage\":\"it-IT\",\"@id\":\"https:\\\/\\\/www.taketray.ch\\\/it\\\/#\\\/schema\\\/logo\\\/image\\\/\",\"url\":\"https:\\\/\\\/www.taketray.ch\\\/wp-content\\\/uploads\\\/2020\\\/09\\\/logo.gif\",\"contentUrl\":\"https:\\\/\\\/www.taketray.ch\\\/wp-content\\\/uploads\\\/2020\\\/09\\\/logo.gif\",\"width\":200,\"height\":59,\"caption\":\"taketray GmbH\"},\"image\":{\"@id\":\"https:\\\/\\\/www.taketray.ch\\\/it\\\/#\\\/schema\\\/logo\\\/image\\\/\"}}]}<\/script>\n<!-- \/ Yoast SEO plugin. -->","yoast_head_json":{"title":"Disclaimer - taketray","robots":{"index":"index","follow":"follow","max-snippet":"max-snippet:-1","max-image-preview":"max-image-preview:large","max-video-preview":"max-video-preview:-1"},"canonical":"https:\/\/www.taketray.ch\/it\/disclaimer\/","og_locale":"it_IT","og_type":"article","og_title":"Disclaimer - taketray","og_url":"https:\/\/www.taketray.ch\/it\/disclaimer\/","og_site_name":"taketray","article_modified_time":"2025-07-17T07:55:05+00:00","twitter_card":"summary_large_image","twitter_misc":{"Tempo di lettura stimato":"13 minuti"},"schema":{"@context":"https:\/\/schema.org","@graph":[{"@type":"WebPage","@id":"https:\/\/www.taketray.ch\/it\/disclaimer\/","url":"https:\/\/www.taketray.ch\/it\/disclaimer\/","name":"Disclaimer - taketray","isPartOf":{"@id":"https:\/\/www.taketray.ch\/it\/#website"},"datePublished":"2025-07-17T07:55:04+00:00","dateModified":"2025-07-17T07:55:05+00:00","breadcrumb":{"@id":"https:\/\/www.taketray.ch\/it\/disclaimer\/#breadcrumb"},"inLanguage":"it-IT","potentialAction":[{"@type":"ReadAction","target":["https:\/\/www.taketray.ch\/it\/disclaimer\/"]}]},{"@type":"BreadcrumbList","@id":"https:\/\/www.taketray.ch\/it\/disclaimer\/#breadcrumb","itemListElement":[{"@type":"ListItem","position":1,"name":"Home","item":"https:\/\/www.taketray.ch\/it\/"},{"@type":"ListItem","position":2,"name":"Disclaimer"}]},{"@type":"WebSite","@id":"https:\/\/www.taketray.ch\/it\/#website","url":"https:\/\/www.taketray.ch\/it\/","name":"taketray","description":"der portable Aschenbecher","publisher":{"@id":"https:\/\/www.taketray.ch\/it\/#organization"},"potentialAction":[{"@type":"SearchAction","target":{"@type":"EntryPoint","urlTemplate":"https:\/\/www.taketray.ch\/it\/?s={search_term_string}"},"query-input":{"@type":"PropertyValueSpecification","valueRequired":true,"valueName":"search_term_string"}}],"inLanguage":"it-IT"},{"@type":"Organization","@id":"https:\/\/www.taketray.ch\/it\/#organization","name":"taketray GmbH","url":"https:\/\/www.taketray.ch\/it\/","logo":{"@type":"ImageObject","inLanguage":"it-IT","@id":"https:\/\/www.taketray.ch\/it\/#\/schema\/logo\/image\/","url":"https:\/\/www.taketray.ch\/wp-content\/uploads\/2020\/09\/logo.gif","contentUrl":"https:\/\/www.taketray.ch\/wp-content\/uploads\/2020\/09\/logo.gif","width":200,"height":59,"caption":"taketray GmbH"},"image":{"@id":"https:\/\/www.taketray.ch\/it\/#\/schema\/logo\/image\/"}}]}},"_links":{"self":[{"href":"https:\/\/www.taketray.ch\/it\/wp-json\/wp\/v2\/pages\/9371","targetHints":{"allow":["GET"]}}],"collection":[{"href":"https:\/\/www.taketray.ch\/it\/wp-json\/wp\/v2\/pages"}],"about":[{"href":"https:\/\/www.taketray.ch\/it\/wp-json\/wp\/v2\/types\/page"}],"author":[{"embeddable":true,"href":"https:\/\/www.taketray.ch\/it\/wp-json\/wp\/v2\/users\/1"}],"replies":[{"embeddable":true,"href":"https:\/\/www.taketray.ch\/it\/wp-json\/wp\/v2\/comments?post=9371"}],"version-history":[{"count":2,"href":"https:\/\/www.taketray.ch\/it\/wp-json\/wp\/v2\/pages\/9371\/revisions"}],"predecessor-version":[{"id":9373,"href":"https:\/\/www.taketray.ch\/it\/wp-json\/wp\/v2\/pages\/9371\/revisions\/9373"}],"wp:attachment":[{"href":"https:\/\/www.taketray.ch\/it\/wp-json\/wp\/v2\/media?parent=9371"}],"curies":[{"name":"wp","href":"https:\/\/api.w.org\/{rel}","templated":true}]}}